{"id":741,"date":"2024-02-26T05:56:20","date_gmt":"2024-02-26T05:56:20","guid":{"rendered":"https:\/\/charming-narrative.mysites.io\/?page_id=741"},"modified":"2024-04-25T21:51:09","modified_gmt":"2024-04-25T21:51:09","slug":"attorneys","status":"publish","type":"page","link":"https:\/\/burwellnebout.com\/es\/attorneys\/","title":{"rendered":"ABOGADOS"},"content":{"rendered":"<div id=\"\"\n\t\t\t\t class=\"bc-block\">\n\t\t\t\t\n\n\n\n<section class=\"what-we-do padding2 bg-cream hotel-list\" style=\"\">\n\n   <div class=\"container\">\n      <div class=\"row aos-init aos-animate\" data-aos=\"fade-up\" data-aos-duration=\"1000\">\n         <div class=\"col-lg-10 mx-auto\">          \n\t\t\t<div class=\"h1\">Conozca a nuestro equipo de abogados<\/div>\t\t\t\t\t\n         <\/div>\n\t\t <div class=\"col-lg-10 mx-auto\"><div class=\"text-md-1 text-center\"><p>Burwell Nebout Trial Lawyers ha sido un elemento b\u00e1sico en la comunidad desde 1970, ofreciendo representaci\u00f3n personalizada a clientes en todo Texas. Somos abogados litigantes agresivos que luchar\u00e1n incansablemente para ayudarlo a recuperar la m\u00e1xima compensaci\u00f3n disponible. Todos nuestros abogados de lesiones personales tienen una importante experiencia en juicios tanto en tribunales estatales como federales.<\/p>\n<p>Si ha sido perjudicado por la negligencia de otra persona, es posible que tenga derecho a una compensaci\u00f3n por gastos m\u00e9dicos, dolor y sufrimiento, desfiguraci\u00f3n y salarios perdidos. Investigaremos a fondo los detalles de su caso para determinar la mejor estrategia legal antes de seguir adelante, asegur\u00e1ndonos de que comprenda completamente sus derechos y opciones de principio a fin.<\/p>\n  <\/div><\/div>           \n      <\/div>\n     \n\t  <div class=\"col-lg-11 mx-auto\">  \n\t   <div class=\"hr-30\"><\/div>\n      <div class=\"row wrapper sec-center\">\n\t  \n\t               \t\t   \n\t  \n\t\t\t\t\t\t\t<div class=\"col-md-5\">\n\t\t\t\t\t\t\t\t <img decoding=\"async\" src=\"https:\/\/burwellnebout.com\/wp-content\/uploads\/2024\/02\/james-nebout.jpg\" srcset=\"https:\/\/burwellnebout.com\/wp-content\/uploads\/2024\/02\/james-nebout.jpg 800w, https:\/\/burwellnebout.com\/wp-content\/uploads\/2024\/02\/james-nebout-246x300.jpg 246w, https:\/\/burwellnebout.com\/wp-content\/uploads\/2024\/02\/james-nebout-768x938.jpg 768w\" alt=\"James Nebout\">\t\t\t\t\t\t\t\t<h3>James Nebout<\/h3>\n\t\t\t\t\t\t\t\t  <p class=\"text3\">   PERSONAL INJURY ATTORNEY James D. Nebout PHONE NUMBER: 281-645-5000 EMAIL ADDRESS: james@burwellnebout.com Get In Touch Meet James D. Nebout James&#8230;  <\/p> \n\t\t\t\t\t\t\t\t<a href=\"https:\/\/burwellnebout.com\/es\/team\/james-nebout\/\" target=\"_self\" class=\"btn-secondry\">Read bio <i class=\"fa-regular fa-arrow-right\"><\/i><\/a>\n                            <\/div>\n\t\t\t\t\t\t\t\n\t\t\t\t\t\t    \n\n\t\t\t\t\t\t\t\n\t\t\t\t\t\t\t\n\t\t\n\t\t                  \t\t   \n\t  \n\t\t\t\t\t\t\t<div class=\"col-md-5\">\n\t\t\t\t\t\t\t\t <img decoding=\"async\" src=\"https:\/\/burwellnebout.com\/wp-content\/uploads\/2024\/02\/Russell-G-Burwell.jpg\" srcset=\"https:\/\/burwellnebout.com\/wp-content\/uploads\/2024\/02\/Russell-G-Burwell.jpg 800w, https:\/\/burwellnebout.com\/wp-content\/uploads\/2024\/02\/Russell-G-Burwell-246x300.jpg 246w, https:\/\/burwellnebout.com\/wp-content\/uploads\/2024\/02\/Russell-G-Burwell-768x938.jpg 768w\" alt=\"Russell G. Burwell III\">\t\t\t\t\t\t\t\t<h3>Russell G. Burwell III<\/h3>\n\t\t\t\t\t\t\t\t  <p class=\"text3\">   PERSONAL INJURY ATTORNEY Russell G. Burwell III PHONE NUMBER: 281-645-5000 EMAIL ADDRESS: russ3@burwellnebout.com Get In Touch Meet Russell G. Burwell&#8230;  <\/p> \n\t\t\t\t\t\t\t\t<a href=\"https:\/\/burwellnebout.com\/es\/team\/russell-g-burwell-iii\/\" target=\"_self\" class=\"btn-secondry\">Read bio <i class=\"fa-regular fa-arrow-right\"><\/i><\/a>\n                            <\/div>\n\t\t\t\t\t\t\t\n\t\t\t\t\t\t    <div class=\"col-lg-5 mt-5\">\n                                                <div class=\"hotel-wrapper miss\"><h4 style=\"color:#243769\">\u00danase a nuestro equipo<\/h4>\n<p>Burwell Nebout Trial Lawyers ha sido un elemento b\u00e1sico en la comunidad desde 1970<\/p>\n<a href=\"mailto:firm@burwellnebout.com\"  target=\"\" class=\"btn-primary\" style=\"color:; background:\">Email<\/a>\n                                                <\/div>\n                                              <\/div>\n\n\t\t\t\t\t\t\t\n\t\t\t\t\t\t\t\n\t\t\n\t\t                  \t\t  \n\t\t  \t\t\n      <\/div>\n     <\/div>\n   <\/div>\n<\/section>\n\n\n\t\t\t<\/div>","protected":false},"excerpt":{"rendered":"","protected":false},"author":1,"featured_media":0,"parent":0,"menu_order":0,"comment_status":"closed","ping_status":"closed","template":"","meta":{"_acf_changed":false,"inline_featured_image":false,"footnotes":""},"class_list":["post-741","page","type-page","status-publish","hentry"],"acf":[],"yoast_head":"<!-- This site is optimized with the Yoast SEO Premium plugin v27.1 (Yoast SEO v27.3) - https:\/\/yoast.com\/product\/yoast-seo-premium-wordpress\/ -->\n<title>Attorneys - Burwell Nebout Trial Lawyers<\/title>\n<meta name=\"description\" content=\"Our attorneys at Burwell Nebout Trial Lawyers have been a staple in the community since 1970, offering representation to clients in Texas.\" \/>\n<meta name=\"robots\" content=\"index, follow, max-snippet:-1, max-image-preview:large, max-video-preview:-1\" \/>\n<link rel=\"canonical\" href=\"https:\/\/burwellnebout.com\/es\/attorneys\/\" \/>\n<meta property=\"og:locale\" content=\"es_MX\" \/>\n<meta property=\"og:type\" content=\"article\" \/>\n<meta property=\"og:title\" content=\"Attorneys\" \/>\n<meta property=\"og:description\" content=\"Our attorneys at Burwell Nebout Trial Lawyers have been a staple in the community since 1970, offering representation to clients in Texas.\" \/>\n<meta property=\"og:url\" content=\"https:\/\/burwellnebout.com\/es\/attorneys\/\" \/>\n<meta property=\"og:site_name\" content=\"Burwell Nebout Trial Lawyers\" \/>\n<meta property=\"article:publisher\" content=\"https:\/\/www.facebook.com\/BurwellNebout\" \/>\n<meta property=\"article:modified_time\" content=\"2024-04-25T21:51:09+00:00\" \/>\n<meta name=\"twitter:card\" content=\"summary_large_image\" \/>\n<meta name=\"twitter:site\" content=\"@houstoncarwreck\" \/>\n<meta name=\"twitter:label1\" content=\"Tiempo de lectura\" \/>\n\t<meta name=\"twitter:data1\" content=\"2 minutos\" \/>\n<script type=\"application\/ld+json\" class=\"yoast-schema-graph\">{\"@context\":\"https:\\\/\\\/schema.org\",\"@graph\":[{\"@type\":\"WebPage\",\"@id\":\"https:\\\/\\\/burwellnebout.com\\\/attorneys\\\/\",\"url\":\"https:\\\/\\\/burwellnebout.com\\\/attorneys\\\/\",\"name\":\"Attorneys - Burwell Nebout Trial Lawyers\",\"isPartOf\":{\"@id\":\"https:\\\/\\\/burwellnebout.com\\\/#website\"},\"datePublished\":\"2024-02-26T05:56:20+00:00\",\"dateModified\":\"2024-04-25T21:51:09+00:00\",\"description\":\"Our attorneys at Burwell Nebout Trial Lawyers have been a staple in the community since 1970, offering representation to clients in Texas.\",\"breadcrumb\":{\"@id\":\"https:\\\/\\\/burwellnebout.com\\\/attorneys\\\/#breadcrumb\"},\"inLanguage\":\"es\",\"potentialAction\":[{\"@type\":\"ReadAction\",\"target\":[\"https:\\\/\\\/burwellnebout.com\\\/attorneys\\\/\"]}]},{\"@type\":\"BreadcrumbList\",\"@id\":\"https:\\\/\\\/burwellnebout.com\\\/attorneys\\\/#breadcrumb\",\"itemListElement\":[{\"@type\":\"ListItem\",\"position\":1,\"name\":\"Home\",\"item\":\"https:\\\/\\\/burwellnebout.com\\\/\"},{\"@type\":\"ListItem\",\"position\":2,\"name\":\"Attorneys\"}]},{\"@type\":\"WebSite\",\"@id\":\"https:\\\/\\\/burwellnebout.com\\\/#website\",\"url\":\"https:\\\/\\\/burwellnebout.com\\\/\",\"name\":\"Burwellnebout\",\"description\":\"We&#039;re on your side\",\"publisher\":{\"@id\":\"https:\\\/\\\/burwellnebout.com\\\/#organization\"},\"potentialAction\":[{\"@type\":\"SearchAction\",\"target\":{\"@type\":\"EntryPoint\",\"urlTemplate\":\"https:\\\/\\\/burwellnebout.com\\\/?s={search_term_string}\"},\"query-input\":{\"@type\":\"PropertyValueSpecification\",\"valueRequired\":true,\"valueName\":\"search_term_string\"}}],\"inLanguage\":\"es\"},{\"@type\":\"Organization\",\"@id\":\"https:\\\/\\\/burwellnebout.com\\\/#organization\",\"name\":\"Burwell Nebout Trial Attorneys\",\"url\":\"https:\\\/\\\/burwellnebout.com\\\/\",\"logo\":{\"@type\":\"ImageObject\",\"inLanguage\":\"es\",\"@id\":\"https:\\\/\\\/burwellnebout.com\\\/#\\\/schema\\\/logo\\\/image\\\/\",\"url\":\"https:\\\/\\\/burwellnebout.com\\\/wp-content\\\/uploads\\\/2024\\\/03\\\/68984654_10157581575173966_2583944198919028736_n.jpg\",\"contentUrl\":\"https:\\\/\\\/burwellnebout.com\\\/wp-content\\\/uploads\\\/2024\\\/03\\\/68984654_10157581575173966_2583944198919028736_n.jpg\",\"width\":2048,\"height\":1365,\"caption\":\"Burwell Nebout Trial Attorneys\"},\"image\":{\"@id\":\"https:\\\/\\\/burwellnebout.com\\\/#\\\/schema\\\/logo\\\/image\\\/\"},\"sameAs\":[\"https:\\\/\\\/www.facebook.com\\\/BurwellNebout\",\"https:\\\/\\\/x.com\\\/houstoncarwreck\",\"https:\\\/\\\/www.instagram.com\\\/burwellnebout\\\/\",\"https:\\\/\\\/www.linkedin.com\\\/company\\\/burwell-nebout-trial-lawyers\",\"https:\\\/\\\/www.youtube.com\\\/channel\\\/UCMfAnULApkBRSxcdQvfpPgw\",\"https:\\\/\\\/www.tiktok.com\\\/@burwellnebout\"]}]}<\/script>\n<!-- \/ Yoast SEO Premium plugin. -->","yoast_head_json":{"title":"Abogados - Burwell Nebout Abogados Litigantes","description":"Nuestros abogados de Burwell Nebout Trial Lawyers han sido un elemento b\u00e1sico en la comunidad desde 1970, ofreciendo representaci\u00f3n a clientes en Texas.","robots":{"index":"index","follow":"follow","max-snippet":"max-snippet:-1","max-image-preview":"max-image-preview:large","max-video-preview":"max-video-preview:-1"},"canonical":"https:\/\/burwellnebout.com\/es\/attorneys\/","og_locale":"es_MX","og_type":"article","og_title":"Attorneys","og_description":"Our attorneys at Burwell Nebout Trial Lawyers have been a staple in the community since 1970, offering representation to clients in Texas.","og_url":"https:\/\/burwellnebout.com\/es\/attorneys\/","og_site_name":"Burwell Nebout Trial Lawyers","article_publisher":"https:\/\/www.facebook.com\/BurwellNebout","article_modified_time":"2024-04-25T21:51:09+00:00","twitter_card":"summary_large_image","twitter_site":"@houstoncarwreck","twitter_misc":{"Tiempo de lectura":"2 minutos"},"schema":{"@context":"https:\/\/schema.org","@graph":[{"@type":"WebPage","@id":"https:\/\/burwellnebout.com\/attorneys\/","url":"https:\/\/burwellnebout.com\/attorneys\/","name":"Abogados - Burwell Nebout Abogados Litigantes","isPartOf":{"@id":"https:\/\/burwellnebout.com\/#website"},"datePublished":"2024-02-26T05:56:20+00:00","dateModified":"2024-04-25T21:51:09+00:00","description":"Nuestros abogados de Burwell Nebout Trial Lawyers han sido un elemento b\u00e1sico en la comunidad desde 1970, ofreciendo representaci\u00f3n a clientes en Texas.","breadcrumb":{"@id":"https:\/\/burwellnebout.com\/attorneys\/#breadcrumb"},"inLanguage":"es","potentialAction":[{"@type":"ReadAction","target":["https:\/\/burwellnebout.com\/attorneys\/"]}]},{"@type":"BreadcrumbList","@id":"https:\/\/burwellnebout.com\/attorneys\/#breadcrumb","itemListElement":[{"@type":"ListItem","position":1,"name":"Home","item":"https:\/\/burwellnebout.com\/"},{"@type":"ListItem","position":2,"name":"Attorneys"}]},{"@type":"WebSite","@id":"https:\/\/burwellnebout.com\/#website","url":"https:\/\/burwellnebout.com\/","name":"Burwellnebout","description":"We&#039;re on your side","publisher":{"@id":"https:\/\/burwellnebout.com\/#organization"},"potentialAction":[{"@type":"SearchAction","target":{"@type":"EntryPoint","urlTemplate":"https:\/\/burwellnebout.com\/?s={search_term_string}"},"query-input":{"@type":"PropertyValueSpecification","valueRequired":true,"valueName":"search_term_string"}}],"inLanguage":"es"},{"@type":"Organization","@id":"https:\/\/burwellnebout.com\/#organization","name":"Burwell Nebout Trial Attorneys","url":"https:\/\/burwellnebout.com\/","logo":{"@type":"ImageObject","inLanguage":"es","@id":"https:\/\/burwellnebout.com\/#\/schema\/logo\/image\/","url":"https:\/\/burwellnebout.com\/wp-content\/uploads\/2024\/03\/68984654_10157581575173966_2583944198919028736_n.jpg","contentUrl":"https:\/\/burwellnebout.com\/wp-content\/uploads\/2024\/03\/68984654_10157581575173966_2583944198919028736_n.jpg","width":2048,"height":1365,"caption":"Burwell Nebout Trial Attorneys"},"image":{"@id":"https:\/\/burwellnebout.com\/#\/schema\/logo\/image\/"},"sameAs":["https:\/\/www.facebook.com\/BurwellNebout","https:\/\/x.com\/houstoncarwreck","https:\/\/www.instagram.com\/burwellnebout\/","https:\/\/www.linkedin.com\/company\/burwell-nebout-trial-lawyers","https:\/\/www.youtube.com\/channel\/UCMfAnULApkBRSxcdQvfpPgw","https:\/\/www.tiktok.com\/@burwellnebout"]}]}},"_links":{"self":[{"href":"https:\/\/burwellnebout.com\/es\/wp-json\/wp\/v2\/pages\/741","targetHints":{"allow":["GET"]}}],"collection":[{"href":"https:\/\/burwellnebout.com\/es\/wp-json\/wp\/v2\/pages"}],"about":[{"href":"https:\/\/burwellnebout.com\/es\/wp-json\/wp\/v2\/types\/page"}],"author":[{"embeddable":true,"href":"https:\/\/burwellnebout.com\/es\/wp-json\/wp\/v2\/users\/1"}],"replies":[{"embeddable":true,"href":"https:\/\/burwellnebout.com\/es\/wp-json\/wp\/v2\/comments?post=741"}],"version-history":[{"count":0,"href":"https:\/\/burwellnebout.com\/es\/wp-json\/wp\/v2\/pages\/741\/revisions"}],"wp:attachment":[{"href":"https:\/\/burwellnebout.com\/es\/wp-json\/wp\/v2\/media?parent=741"}],"curies":[{"name":"wp","href":"https:\/\/api.w.org\/{rel}","templated":true}]}}