{"id":2750,"date":"2024-04-25T22:32:37","date_gmt":"2024-04-25T22:32:37","guid":{"rendered":"https:\/\/burwellneboutt.wpenginepowered.com\/?page_id=2750"},"modified":"2024-06-24T17:46:54","modified_gmt":"2024-06-24T17:46:54","slug":"friendswood-non-subscriber-workplace-injury-lawyers","status":"publish","type":"page","link":"https:\/\/burwellnebout.com\/es\/friendswood-non-subscriber-workplace-injury-lawyers\/","title":{"rendered":"Friendswood Non-Subscriber Workplace Injury Lawyers"},"content":{"rendered":"<div id=\"\"\n\t\t\t\t class=\"bc-block\">\n\t\t\t\t\n\n\n\n\n        \n\n<div class=\"bg inner-page\" style=\"background: url(https:\/\/burwellnebout.com\/wp-content\/themes\/skelatan\/images\/svg\/bg-gradient.png);\">\n   \n      \n    <div class=\"container\">\n        \n        <style>\n            .inner-page .page-title:before{\n                content: \"Friendswood Non-Subscriber Workplace Injury Lawyers\" !important;\n                font-size: 170px;\n            }\n        <\/style>\n        \n        <div class=\"page-title text-center padding-top\">\n            <div class=\"row\">\n                <div class=\"col-md-10 px-lg-0 mx-auto\" data-aos=\"fade-up\" data-aos-offset=\"300\" data-aos-easing=\"ease-in-sine\">\n                    <h3>M\u00e1s de 93 a\u00f1os de experiencia jur\u00eddica combinada<\/h3>\n                <\/div>\n            <\/div>\n        <\/div>\n\n        <div class=\"padding2Top\">\n            <div class=\"row g-5\">\n                <div class=\"col-lg-7\" data-aos=\"fade-right\" data-aos-offset=\"300\" data-aos-easing=\"ease-in-sine\">\n                    <div class=\"title\"><\/div>\n                  <h3>Legal Options for Non-Subscriber Workplace Injuries in Friendswood<\/h3>\n<p>Usually, Friendswood employers are obligated to provide workers&#8217; compensation insurance for their employees, which serves as the main avenue for addressing workplace injuries. This coverage typically serves as the exclusive remedy for employees, except in cases of extreme gross negligence or intent.<\/p>\n<p>However, some employers may opt out of participating in the workers&#8217; compensation system, making them nonsubscribers. In such scenarios, an injured employee might seek legal recourse against their employer for damages resulting from negligence.<\/p>\n                  \n                                      \n                   \n                <\/div>\n                <div class=\"col-lg-5\">\n                    <div class=\"practice-area-list\" data-aos=\"fade-left\" data-aos-offset=\"300\" data-aos-easing=\"ease-in-sine\">\n                        <h2>\u00c1reas de pr\u00e1ctica<\/h2>\n                        <ul>\n                            <nav class=\"second-footer-menu-container\"><ul id=\"menu-practice-areas-single-page\" class=\"second-footer-menu\"><li id=\"menu-item-1442\" class=\"menu-item menu-item-type-post_type menu-item-object-page menu-item-1442\"><a href=\"https:\/\/burwellnebout.com\/es\/league-city-wrongful-death-lawyers\/\">Muerte por negligencia<\/a><\/li>\n<li id=\"menu-item-2309\" class=\"menu-item menu-item-type-post_type menu-item-object-page menu-item-2309\"><a href=\"https:\/\/burwellnebout.com\/es\/houston-car-accident-lawyer\/\">Accidente automovilistico<\/a><\/li>\n<li id=\"menu-item-695\" class=\"menu-item menu-item-type-post_type menu-item-object-page menu-item-695\"><a href=\"https:\/\/burwellnebout.com\/es\/league-city-dog-bite-lawyer\/\">Mordedura de perro o ataque de animal<\/a><\/li>\n<li id=\"menu-item-875\" class=\"menu-item menu-item-type-post_type menu-item-object-page menu-item-875\"><a href=\"https:\/\/burwellnebout.com\/es\/league-city-product-liability-lawyers\/\">Productos defectuosos<\/a><\/li>\n<li id=\"menu-item-697\" class=\"menu-item menu-item-type-post_type menu-item-object-page menu-item-697\"><a href=\"https:\/\/burwellnebout.com\/es\/league-city-motorcycle-accident-lawyer\/\">Accidentes de motocicleta<\/a><\/li>\n<li id=\"menu-item-696\" class=\"menu-item menu-item-type-post_type menu-item-object-page menu-item-696\"><a href=\"https:\/\/burwellnebout.com\/es\/league-city-non-subscriber-workplace-injury-lawyers\/\">Lesiones laborales de no suscriptores<\/a><\/li>\n<li id=\"menu-item-962\" class=\"menu-item menu-item-type-post_type menu-item-object-page menu-item-962\"><a href=\"https:\/\/burwellnebout.com\/es\/league-city-premises-liability-lawyers\/\">Responsabilidad de las instalaciones<\/a><\/li>\n<li id=\"menu-item-1050\" class=\"menu-item menu-item-type-post_type menu-item-object-page menu-item-1050\"><a href=\"https:\/\/burwellnebout.com\/es\/league-city-refinery-plant-explosion-lawyers\/\">Explosiones de refiner\u00edas y plantas<\/a><\/li>\n<li id=\"menu-item-1221\" class=\"menu-item menu-item-type-post_type menu-item-object-page menu-item-1221\"><a href=\"https:\/\/burwellnebout.com\/es\/league-city-truck-accident-lawyers\/\">Accidente de cami\u00f3n<\/a><\/li>\n<li id=\"menu-item-1579\" class=\"menu-item menu-item-type-post_type menu-item-object-page menu-item-1579\"><a href=\"https:\/\/burwellnebout.com\/es\/league-city-fela-railroad-accident-attorneys\/\">Accidentes ferroviarios de Fela<\/a><\/li>\n<\/ul><\/nav>                        <\/ul>\n                        <a href=\"\/es\/practice-areas\/\" class=\"link\">Ver todas las \u00e1reas de pr\u00e1ctica <i class=\"fa-solid fa-right-long\"><\/i><\/a>\n                    <\/div>\n                <\/div>\n            <\/div>\n        <\/div>\n    <\/div>\n    \n        \n            \n        <div class=\"container\">\n        <div class=\"contributes px-2\" style=\"background: #fff;\" data-aos=\"fade-up\" data-aos-offset=\"300\" data-aos-easing=\"ease-in-sine\">\n            <div class=\"white-bg\">\n                <img decoding=\"async\" src=\"https:\/\/burwellnebout.com\/wp-content\/themes\/skelatan\/images\/svg\/contribute.png\" alt=\"\">\n                <\/div>\n            <div class=\"row\">\n                <div class=\"col-md-9 mx-auto text-center\">\n                    <h3>Non-Subscriber Employers in Texas<\/h3>\n<p>Numerous major employers in Texas are choosing not to maintain workers\u2019 compensation coverage, classifying them as nonsubscribers. If a work-related injury occurs due to negligence, an employee has the option to sue the nonsubscribing employer for damages. The employer cannot invoke defenses such as contributory negligence by the employee, assumption of the risk of injury or death, or the negligence of a co-worker causing injury or death. Even if the employer bears partial responsibility for the incident and resulting injuries, the employee may potentially receive full damages from the employer.<\/p>\n                <\/div>\n            <\/div>\n        <\/div>\n    <\/div>\n    \n     \n<\/div>\n\n\n\n\n\t\t\t<\/div>\n\t\t\t\n\n\t\t\t<div id=\"\"\n\t\t\t\t class=\"bc-block\">\n\t\t\t\t\n\n  \n  \n     \n     \n    \n<style>\n  .brow.g-52, .brow.g-53, .brow.g-54{\n    margin-top: 40px !important;\n}\n  \n<\/style>\n\n<section class=\"column2 wrongful-death\">\n     <div class=\"blue-bg\">\n      <img decoding=\"async\" src=\"https:\/\/burwellnebout.com\/wp-content\/themes\/skelatan\/images\/svg\/inner-bg.webp\" alt=\"\">\n   <\/div>\n       <div class=\"container\">\n\t\t\t\t\t\t\t<div class=\"brow g-51\"  style=\"background-color: \">\n\t\t\t\t\t\t<div class=\"row justify-content-center two-column-box\">\n\t\t\t\t\t\t\t\n\t\t\t\t\t\t\t \t\n\t\t\t\t\t\t\t\t<div class=\"col-lg-5\" data-aos=\"fade-left\" data-aos-offset=\"300\" data-aos-easing=\"ease-in-sine\">\n\t\t\t\t\t\t\t\t\t<img decoding=\"async\" src=\"https:\/\/burwellnebout.com\/wp-content\/uploads\/2024\/04\/Screenshot-2024-04-03-093011.png\" alt=\"Negligence and an Unsafe Workplace\" class=\"img\">\t\t\t\t\t\t\t\t<\/div>\n\t\t\t\t\t\t\t\t\t\t\t\t\t\t\n\t\t\t\t\t\t\t\n\t\t\t\t\t\t\n\t\t\t\t\t\t\t<div class=\"col-lg-7\" data-aos=\"fade-right\" data-aos-offset=\"300\" data-aos-easing=\"ease-in-sine\">\n\t\t\t\t\t\t\t    <div class=\"title\"><\/div>\n\t\t\t\t\t\t\t\t<h4 class=\"head\">Negligence and an Unsafe Workplace<\/h3>\n\t\t\t\t\t\t\t\t<p>To pursue a viable legal case against a nonsubscribing employer, the employee must establish negligence on the part of the employer and a failure to maintain a safe work environment. Indicators of an unsafe workplace may include insufficient provision of tools, training, and warnings, as well as the lack of established safety protocols, monitoring, supervision, and guidance for employees.<\/p>\n\t\t\t\t\t\t\t\t\t\t\t\t\t\t\t<\/div>\n\t\t\t\t\t\t\t\n\t\t\t\t\t\t\t\n\t\t\t\t\t     \t\t\t\t\t\t\t\t\n\t\t\t\t\t\t<div class=\"row\">\n                            <div class=\"col-12\">\n                                                          <\/div>\n                          <\/div>\n\t\t\t\t\t\n\t\t\t\t\t <\/div>\n\t\t\t\t\t<\/div>\n                \t\t\t\t\t<div class=\"brow g-52\"  style=\"background-color: \">\n\t\t\t\t\t\t<div class=\"row justify-content-center two-column-box\">\n\t\t\t\t\t\t\t\n\t\t\t\t\t\t\t\t\t\t\t\t\t\t\n\t\t\t\t\t\t\t\n\t\t\t\t\t\t\n\t\t\t\t\t\t\t<div class=\"col-lg-7\" data-aos=\"fade-right\" data-aos-offset=\"300\" data-aos-easing=\"ease-in-sine\">\n\t\t\t\t\t\t\t    <div class=\"title\"><\/div>\n\t\t\t\t\t\t\t\t<h4 class=\"head\">Employee Benefit Plan and Lawsuits<\/h3>\n\t\t\t\t\t\t\t\t<p>Even if an employer chooses not to participate in the workers&#8217; compensation system, they may still offer an employee benefit plan covering work-related injuries and claims. However, this plan doesn&#8217;t alter the employer&#8217;s nonsubscriber status, nor does it hinder the employee from initiating a lawsuit. It&#8217;s crucial for the employee to grasp the specific deadlines and procedures following a work-related injury and keep a record of the benefit plan. This plan might shorten the statute of limitations and opt for arbitration instead of court for legal proceedings. Employees should refrain from signing a post-injury claim waiver unless they&#8217;re certain they don&#8217;t intend to pursue legal action.<\/p>\n\t\t\t\t\t\t\t\t\t\t\t\t\t\t\t<\/div>\n\t\t\t\t\t\t\t\n\t\t\t\t\t\t\t\n\t\t\t\t\t     \t\t\t\t\t\t\t\t\t<div class=\"col-lg-5\" data-aos=\"fade-left\" data-aos-offset=\"300\" data-aos-easing=\"ease-in-sine\">\n\t\t\t\t\t\t\t\t\t<img decoding=\"async\" src=\"https:\/\/burwellnebout.com\/wp-content\/uploads\/2024\/04\/Screenshot-2024-04-03-093300.png\" alt=\"Employee Benefit Plan and Lawsuits\" class=\"img\">\t\t\t\t\t\t\t\t<\/div>\n\t\t\t\t\t\t\t\t\t\t\t\t\t\t\n\t\t\t\t\t\t<div class=\"row\">\n                            <div class=\"col-12\">\n                                                          <\/div>\n                          <\/div>\n\t\t\t\t\t\n\t\t\t\t\t <\/div>\n\t\t\t\t\t<\/div>\n                \t<\/div>\n<\/section>\n\n\n\n\n\n\n\n\t\t\t<\/div>\n\t\t\t\n\n\t\t\t<div id=\"\"\n\t\t\t\t class=\"bc-block\">\n\t\t\t\t\n\n\n\n\n\n\n<section class=\"statue\">\n    <div class=\"container-fluid px-0\">\n        <div class=\"row g-0\">\n            <div class=\"col-lg-5\">\n                <img decoding=\"async\" src=\"https:\/\/burwellnebout.com\/wp-content\/uploads\/2024\/02\/122617.jpg\" alt=\"image\">\n            <\/div>\n            <div class=\"col-lg-7 bg-blue\">\n                <div class=\"row\">\n                    <div class=\"col-lg-10\">\n                    <div class=\"title\"><\/div>\n                    \n                    <h3>Workers Compensation Claims<\/h3>\n<p>Even if an employer opts out of the workers&#8217; compensation system, they might still provide an employee benefit plan covering work-related injuries and claims. However, this benefit plan does not change the employer&#8217;s nonsubscriber status, nor does it prevent the employee from filing a lawsuit. It&#8217;s essential for the employee to be aware of the specific deadlines and procedures in the event of a work-related injury and to retain a copy of the benefit plan. The benefits plan may shorten the statute of limitations and opt for arbitration instead of court proceedings. Employees should avoid signing a post-injury claim waiver unless they are certain they do not intend to pursue legal action.<\/p>\n                    \n                    <\/div>\n                <\/div>\n            <\/div>\n        <\/div>\n    <\/div>\n<\/section>\n\n\n\n\t\t\t<\/div>\n\t\t\t\n\n\t\t\t<div id=\"\"\n\t\t\t\t class=\"bc-block\">\n\t\t\t\t\n\n\n<div class=\"city\">\n    <div class=\"navy-bg\">\n      <img decoding=\"async\" src=\"https:\/\/burwellnebout.com\/wp-content\/uploads\/2024\/02\/testi-bg-scaled.webp\"srcset=\"https:\/\/burwellnebout.com\/wp-content\/uploads\/2024\/02\/testi-bg-scaled.webp 2560w, https:\/\/burwellnebout.com\/wp-content\/uploads\/2024\/02\/testi-bg-300x200.webp 300w, https:\/\/burwellnebout.com\/wp-content\/uploads\/2024\/02\/testi-bg-1024x683.webp 1024w, https:\/\/burwellnebout.com\/wp-content\/uploads\/2024\/02\/testi-bg-768x512.webp 768w, https:\/\/burwellnebout.com\/wp-content\/uploads\/2024\/02\/testi-bg-1536x1024.webp 1536w, https:\/\/burwellnebout.com\/wp-content\/uploads\/2024\/02\/testi-bg-2048x1365.webp 2048w\" sizes=\"(max-width: 2560px) 100vw, 2560px\" alt=\"\" class=\"\" \/>\t\n           \n    <\/div>\n    <div class=\"container-fluid\">\n        <div class=\"row g-5 align-items-center\">\n            <div class=\"col-lg-6\">\n                <div class=\"text-wrapper\">\n                    <h3>Third-Party Claims<\/h3>\n<p>If your work-related injury was caused by another company or one of its employees, you may have a distinct claim against the third party alongside your Texas workers&#8217; compensation claim. In such instances, different deadlines will apply to each individual claim.<\/p>\n                    <img decoding=\"async\" src=\"\"srcset=\"\" sizes=\"\" alt=\"\" class=\"img-fluid d-block ms-auto\" data-aos=\"fade-left\" data-aos-anchor=\"#example-anchor\" data-aos-offset=\"500\"  data-aos-duration=\"500\" \/>\t\n      \n                <\/div>\n            <\/div>\n            <div class=\"col-lg-6\">\n                <p>Contact a Friendswood Non-Subscriber Workplace Injury Lawyer<\/p>\n<p>If you&#8217;ve suffered a workplace injury and your employer does not have workers&#8217; compensation insurance, or if a third party is responsible for your work-related injury, don&#8217;t hesitate to contact Burwell Nebout Trial Lawyers. Our Friendswood workplace injury lawyers specializing in nonsubscriber cases and third-party claims can help you understand your legal options.\u00a0 Furthermore, pursue the compensation you rightfully deserve.<\/p>\n            <\/div>\n        <\/div>\n    <\/div>\n<\/div>\n\n\n\t\t\t<\/div>\n\t\t\t\n\n\t\t\t<div id=\"\"\n\t\t\t\t class=\"bc-block\">\n\t\t\t\t<div class=\"logos\">\n    <div class=\"container\">\n        <div class=\"row\">\n            <div class=\"col-xl-11 mx-auto\">\n                <div class=\"wrapper d-flex align-items-center justify-content-center gap-5 flex-wrap\">\n\n                    <img decoding=\"async\" data-aos=\"fade-up\" data-aos-duration=\"1200\" src=\"https:\/\/burwellnebout.com\/wp-content\/uploads\/2024\/02\/usa.png\" alt=\"\" \/><img decoding=\"async\" data-aos=\"fade-up\" data-aos-duration=\"1200\" src=\"https:\/\/burwellnebout.com\/wp-content\/uploads\/2024\/02\/lawyers.png\" alt=\"\" \/><img decoding=\"async\" data-aos=\"fade-up\" data-aos-duration=\"1200\" src=\"https:\/\/burwellnebout.com\/wp-content\/uploads\/2024\/02\/board.png\" alt=\"\" \/><img decoding=\"async\" data-aos=\"fade-up\" data-aos-duration=\"1200\" src=\"https:\/\/burwellnebout.com\/wp-content\/uploads\/2024\/02\/multi-dollar.png\" alt=\"\" \/><img decoding=\"async\" data-aos=\"fade-up\" data-aos-duration=\"1200\" src=\"https:\/\/burwellnebout.com\/wp-content\/uploads\/2024\/02\/nba.png\" alt=\"\" \/>\n                \n                <\/div>\n            <\/div>\n        <\/div>\n    <\/div>\n<\/div>\n\t\t\t<\/div>","protected":false},"excerpt":{"rendered":"","protected":false},"author":3,"featured_media":0,"parent":0,"menu_order":0,"comment_status":"closed","ping_status":"closed","template":"Templates\/wrongful-death.php","meta":{"_acf_changed":false,"inline_featured_image":false,"footnotes":""},"class_list":["post-2750","page","type-page","status-publish","hentry"],"acf":[],"yoast_head":"<!-- This site is optimized with the Yoast SEO Premium plugin v27.1 (Yoast SEO v27.4) - https:\/\/yoast.com\/product\/yoast-seo-premium-wordpress\/ -->\n<title>Friendswood Non-Subscriber Workplace Injury Lawyers - Burwell Nebout Trial Lawyers<\/title>\n<meta name=\"description\" content=\"Our Friendswood workplace injury lawyers specializing in non-subscriber cases can assist you in understanding your legal options at work.\" \/>\n<meta name=\"robots\" content=\"index, follow, max-snippet:-1, max-image-preview:large, max-video-preview:-1\" \/>\n<link rel=\"canonical\" href=\"https:\/\/burwellnebout.com\/es\/friendswood-non-subscriber-workplace-injury-lawyers\/\" \/>\n<meta property=\"og:locale\" content=\"es_MX\" \/>\n<meta property=\"og:type\" content=\"article\" \/>\n<meta property=\"og:title\" content=\"Friendswood Non-Subscriber Workplace Injury Lawyers\" \/>\n<meta property=\"og:description\" content=\"Our Friendswood workplace injury lawyers specializing in non-subscriber cases can assist you in understanding your legal options at work.\" \/>\n<meta property=\"og:url\" content=\"https:\/\/burwellnebout.com\/es\/friendswood-non-subscriber-workplace-injury-lawyers\/\" \/>\n<meta property=\"og:site_name\" content=\"Burwell Nebout Trial Lawyers\" \/>\n<meta property=\"article:publisher\" content=\"https:\/\/www.facebook.com\/BurwellNebout\" \/>\n<meta property=\"article:modified_time\" content=\"2024-06-24T17:46:54+00:00\" \/>\n<meta name=\"twitter:card\" content=\"summary_large_image\" \/>\n<meta name=\"twitter:site\" content=\"@houstoncarwreck\" \/>\n<meta name=\"twitter:label1\" content=\"Tiempo de lectura\" \/>\n\t<meta name=\"twitter:data1\" content=\"6 minutos\" \/>\n<script type=\"application\/ld+json\" class=\"yoast-schema-graph\">{\"@context\":\"https:\\\/\\\/schema.org\",\"@graph\":[{\"@type\":\"WebPage\",\"@id\":\"https:\\\/\\\/burwellnebout.com\\\/friendswood-non-subscriber-workplace-injury-lawyers\\\/\",\"url\":\"https:\\\/\\\/burwellnebout.com\\\/friendswood-non-subscriber-workplace-injury-lawyers\\\/\",\"name\":\"Friendswood Non-Subscriber Workplace Injury Lawyers - Burwell Nebout Trial Lawyers\",\"isPartOf\":{\"@id\":\"https:\\\/\\\/burwellnebout.com\\\/#website\"},\"datePublished\":\"2024-04-25T22:32:37+00:00\",\"dateModified\":\"2024-06-24T17:46:54+00:00\",\"description\":\"Our Friendswood workplace injury lawyers specializing in non-subscriber cases can assist you in understanding your legal options at work.\",\"breadcrumb\":{\"@id\":\"https:\\\/\\\/burwellnebout.com\\\/friendswood-non-subscriber-workplace-injury-lawyers\\\/#breadcrumb\"},\"inLanguage\":\"es\",\"potentialAction\":[{\"@type\":\"ReadAction\",\"target\":[\"https:\\\/\\\/burwellnebout.com\\\/friendswood-non-subscriber-workplace-injury-lawyers\\\/\"]}]},{\"@type\":\"BreadcrumbList\",\"@id\":\"https:\\\/\\\/burwellnebout.com\\\/friendswood-non-subscriber-workplace-injury-lawyers\\\/#breadcrumb\",\"itemListElement\":[{\"@type\":\"ListItem\",\"position\":1,\"name\":\"Home\",\"item\":\"https:\\\/\\\/burwellnebout.com\\\/\"},{\"@type\":\"ListItem\",\"position\":2,\"name\":\"Friendswood Non-Subscriber Workplace Injury Lawyers\"}]},{\"@type\":\"WebSite\",\"@id\":\"https:\\\/\\\/burwellnebout.com\\\/#website\",\"url\":\"https:\\\/\\\/burwellnebout.com\\\/\",\"name\":\"Burwellnebout\",\"description\":\"We&#039;re on your side\",\"publisher\":{\"@id\":\"https:\\\/\\\/burwellnebout.com\\\/#organization\"},\"potentialAction\":[{\"@type\":\"SearchAction\",\"target\":{\"@type\":\"EntryPoint\",\"urlTemplate\":\"https:\\\/\\\/burwellnebout.com\\\/?s={search_term_string}\"},\"query-input\":{\"@type\":\"PropertyValueSpecification\",\"valueRequired\":true,\"valueName\":\"search_term_string\"}}],\"inLanguage\":\"es\"},{\"@type\":\"Organization\",\"@id\":\"https:\\\/\\\/burwellnebout.com\\\/#organization\",\"name\":\"Burwell Nebout Trial Attorneys\",\"url\":\"https:\\\/\\\/burwellnebout.com\\\/\",\"logo\":{\"@type\":\"ImageObject\",\"inLanguage\":\"es\",\"@id\":\"https:\\\/\\\/burwellnebout.com\\\/#\\\/schema\\\/logo\\\/image\\\/\",\"url\":\"https:\\\/\\\/burwellnebout.com\\\/wp-content\\\/uploads\\\/2024\\\/03\\\/68984654_10157581575173966_2583944198919028736_n.jpg\",\"contentUrl\":\"https:\\\/\\\/burwellnebout.com\\\/wp-content\\\/uploads\\\/2024\\\/03\\\/68984654_10157581575173966_2583944198919028736_n.jpg\",\"width\":2048,\"height\":1365,\"caption\":\"Burwell Nebout Trial Attorneys\"},\"image\":{\"@id\":\"https:\\\/\\\/burwellnebout.com\\\/#\\\/schema\\\/logo\\\/image\\\/\"},\"sameAs\":[\"https:\\\/\\\/www.facebook.com\\\/BurwellNebout\",\"https:\\\/\\\/x.com\\\/houstoncarwreck\",\"https:\\\/\\\/www.instagram.com\\\/burwellnebout\\\/\",\"https:\\\/\\\/www.linkedin.com\\\/company\\\/burwell-nebout-trial-lawyers\",\"https:\\\/\\\/www.youtube.com\\\/channel\\\/UCMfAnULApkBRSxcdQvfpPgw\",\"https:\\\/\\\/www.tiktok.com\\\/@burwellnebout\"]}]}<\/script>\n<!-- \/ Yoast SEO Premium plugin. -->","yoast_head_json":{"title":"Friendswood Non-Subscriber Workplace Injury Lawyers - Burwell Nebout Trial Lawyers","description":"Our Friendswood workplace injury lawyers specializing in non-subscriber cases can assist you in understanding your legal options at work.","robots":{"index":"index","follow":"follow","max-snippet":"max-snippet:-1","max-image-preview":"max-image-preview:large","max-video-preview":"max-video-preview:-1"},"canonical":"https:\/\/burwellnebout.com\/es\/friendswood-non-subscriber-workplace-injury-lawyers\/","og_locale":"es_MX","og_type":"article","og_title":"Friendswood Non-Subscriber Workplace Injury Lawyers","og_description":"Our Friendswood workplace injury lawyers specializing in non-subscriber cases can assist you in understanding your legal options at work.","og_url":"https:\/\/burwellnebout.com\/es\/friendswood-non-subscriber-workplace-injury-lawyers\/","og_site_name":"Burwell Nebout Trial Lawyers","article_publisher":"https:\/\/www.facebook.com\/BurwellNebout","article_modified_time":"2024-06-24T17:46:54+00:00","twitter_card":"summary_large_image","twitter_site":"@houstoncarwreck","twitter_misc":{"Tiempo de lectura":"6 minutos"},"schema":{"@context":"https:\/\/schema.org","@graph":[{"@type":"WebPage","@id":"https:\/\/burwellnebout.com\/friendswood-non-subscriber-workplace-injury-lawyers\/","url":"https:\/\/burwellnebout.com\/friendswood-non-subscriber-workplace-injury-lawyers\/","name":"Friendswood Non-Subscriber Workplace Injury Lawyers - Burwell Nebout Trial Lawyers","isPartOf":{"@id":"https:\/\/burwellnebout.com\/#website"},"datePublished":"2024-04-25T22:32:37+00:00","dateModified":"2024-06-24T17:46:54+00:00","description":"Our Friendswood workplace injury lawyers specializing in non-subscriber cases can assist you in understanding your legal options at work.","breadcrumb":{"@id":"https:\/\/burwellnebout.com\/friendswood-non-subscriber-workplace-injury-lawyers\/#breadcrumb"},"inLanguage":"es","potentialAction":[{"@type":"ReadAction","target":["https:\/\/burwellnebout.com\/friendswood-non-subscriber-workplace-injury-lawyers\/"]}]},{"@type":"BreadcrumbList","@id":"https:\/\/burwellnebout.com\/friendswood-non-subscriber-workplace-injury-lawyers\/#breadcrumb","itemListElement":[{"@type":"ListItem","position":1,"name":"Home","item":"https:\/\/burwellnebout.com\/"},{"@type":"ListItem","position":2,"name":"Friendswood Non-Subscriber Workplace Injury Lawyers"}]},{"@type":"WebSite","@id":"https:\/\/burwellnebout.com\/#website","url":"https:\/\/burwellnebout.com\/","name":"Burwellnebout","description":"We&#039;re on your side","publisher":{"@id":"https:\/\/burwellnebout.com\/#organization"},"potentialAction":[{"@type":"SearchAction","target":{"@type":"EntryPoint","urlTemplate":"https:\/\/burwellnebout.com\/?s={search_term_string}"},"query-input":{"@type":"PropertyValueSpecification","valueRequired":true,"valueName":"search_term_string"}}],"inLanguage":"es"},{"@type":"Organization","@id":"https:\/\/burwellnebout.com\/#organization","name":"Burwell Nebout Trial Attorneys","url":"https:\/\/burwellnebout.com\/","logo":{"@type":"ImageObject","inLanguage":"es","@id":"https:\/\/burwellnebout.com\/#\/schema\/logo\/image\/","url":"https:\/\/burwellnebout.com\/wp-content\/uploads\/2024\/03\/68984654_10157581575173966_2583944198919028736_n.jpg","contentUrl":"https:\/\/burwellnebout.com\/wp-content\/uploads\/2024\/03\/68984654_10157581575173966_2583944198919028736_n.jpg","width":2048,"height":1365,"caption":"Burwell Nebout Trial Attorneys"},"image":{"@id":"https:\/\/burwellnebout.com\/#\/schema\/logo\/image\/"},"sameAs":["https:\/\/www.facebook.com\/BurwellNebout","https:\/\/x.com\/houstoncarwreck","https:\/\/www.instagram.com\/burwellnebout\/","https:\/\/www.linkedin.com\/company\/burwell-nebout-trial-lawyers","https:\/\/www.youtube.com\/channel\/UCMfAnULApkBRSxcdQvfpPgw","https:\/\/www.tiktok.com\/@burwellnebout"]}]}},"_links":{"self":[{"href":"https:\/\/burwellnebout.com\/es\/wp-json\/wp\/v2\/pages\/2750","targetHints":{"allow":["GET"]}}],"collection":[{"href":"https:\/\/burwellnebout.com\/es\/wp-json\/wp\/v2\/pages"}],"about":[{"href":"https:\/\/burwellnebout.com\/es\/wp-json\/wp\/v2\/types\/page"}],"author":[{"embeddable":true,"href":"https:\/\/burwellnebout.com\/es\/wp-json\/wp\/v2\/users\/3"}],"replies":[{"embeddable":true,"href":"https:\/\/burwellnebout.com\/es\/wp-json\/wp\/v2\/comments?post=2750"}],"version-history":[{"count":0,"href":"https:\/\/burwellnebout.com\/es\/wp-json\/wp\/v2\/pages\/2750\/revisions"}],"wp:attachment":[{"href":"https:\/\/burwellnebout.com\/es\/wp-json\/wp\/v2\/media?parent=2750"}],"curies":[{"name":"wp","href":"https:\/\/api.w.org\/{rel}","templated":true}]}}