{"id":2429,"date":"2024-04-02T11:08:31","date_gmt":"2024-04-02T11:08:31","guid":{"rendered":"https:\/\/burwellneboutt.wpenginepowered.com\/?page_id=2429"},"modified":"2024-04-02T11:08:31","modified_gmt":"2024-04-02T11:08:31","slug":"houston-dog-bite-lawyer","status":"publish","type":"page","link":"https:\/\/burwellnebout.com\/es\/houston-dog-bite-lawyer\/","title":{"rendered":"Abogado de Mordeduras de Perro en Houston"},"content":{"rendered":"<div id=\"\"\n\t\t\t\t class=\"bc-block\">\n\t\t\t\t\n\n\n\n\n        \n\n<div class=\"bg inner-page\" style=\"background: url(https:\/\/burwellnebout.com\/wp-content\/themes\/skelatan\/images\/svg\/bg-gradient.png);\">\n   \n      \n    <div class=\"container\">\n        \n        <style>\n            .inner-page .page-title:before{\n                content: \"Houston Dog Bite Lawyer\" !important;\n                font-size: 170px;\n            }\n        <\/style>\n        \n        <div class=\"page-title text-center padding-top\">\n            <div class=\"row\">\n                <div class=\"col-md-10 px-lg-0 mx-auto\" data-aos=\"fade-up\" data-aos-offset=\"300\" data-aos-easing=\"ease-in-sine\">\n                    <h2>M\u00e1s de 93 a\u00f1os de experiencia jur\u00eddica combinada<\/h2>\n                <\/div>\n            <\/div>\n        <\/div>\n\n        <div class=\"padding2Top\">\n            <div class=\"row g-5\">\n                <div class=\"col-lg-7\" data-aos=\"fade-right\" data-aos-offset=\"300\" data-aos-easing=\"ease-in-sine\">\n                    <div class=\"title\"><\/div>\n                  <h2>Abogado de Mordeduras de Perro en Houston<\/h2>\n<p>Todos somos conscientes de la gravedad de las mordeduras de perro. En todo el mundo, numerosas personas han sufrido lesiones graves a causa de incidentes de este tipo. A menudo se necesita la ayuda de abogados especializados en mordeduras de perros para navegar por sus recursos legales. En Texas se han tomado medidas proactivas mediante la implementaci\u00f3n de la Ley de Perros Peligrosos. Esta legislaci\u00f3n tiene como objetivo responsabilizar a los due\u00f1os de perros por las acciones de sus mascotas, particularmente en casos de ataques a individuos. Proporciona esperanza a las v\u00edctimas de mordeduras de perro.\u00a0 Ofreci\u00e9ndoles por tanto la posibilidad de indemnizaci\u00f3n por los da\u00f1os sufridos.<\/p>\n<p>Para los due\u00f1os de perros que residen en Houston, Texas, es fundamental familiarizarse con los detalles de la Ley de Perros Peligrosos del estado. Comprender esta legislaci\u00f3n puede ayudar a prevenir incidentes.\u00a0 Adem\u00e1s, ayuda para garantizar la rendici\u00f3n de cuentas y la restituci\u00f3n de las v\u00edctimas en caso de ataque de un perro.<\/p>\n                  \n                                      \n                   \n                <\/div>\n                <div class=\"col-lg-5\">\n                    <div class=\"practice-area-list\" data-aos=\"fade-left\" data-aos-offset=\"300\" data-aos-easing=\"ease-in-sine\">\n                        <h2>\u00c1reas de pr\u00e1ctica<\/h2>\n                        <ul>\n                            <nav class=\"second-footer-menu-container\"><ul id=\"menu-practice-areas-single-page\" class=\"second-footer-menu\"><li id=\"menu-item-1442\" class=\"menu-item menu-item-type-post_type menu-item-object-page menu-item-1442\"><a href=\"https:\/\/burwellnebout.com\/es\/league-city-wrongful-death-lawyers\/\">Muerte por negligencia<\/a><\/li>\n<li id=\"menu-item-2309\" class=\"menu-item menu-item-type-post_type menu-item-object-page menu-item-2309\"><a href=\"https:\/\/burwellnebout.com\/es\/houston-car-accident-lawyer\/\">Accidente automovilistico<\/a><\/li>\n<li id=\"menu-item-695\" class=\"menu-item menu-item-type-post_type menu-item-object-page menu-item-695\"><a href=\"https:\/\/burwellnebout.com\/es\/league-city-dog-bite-lawyer\/\">Mordedura de perro o ataque de animal<\/a><\/li>\n<li id=\"menu-item-875\" class=\"menu-item menu-item-type-post_type menu-item-object-page menu-item-875\"><a href=\"https:\/\/burwellnebout.com\/es\/league-city-product-liability-lawyers\/\">Productos defectuosos<\/a><\/li>\n<li id=\"menu-item-697\" class=\"menu-item menu-item-type-post_type menu-item-object-page menu-item-697\"><a href=\"https:\/\/burwellnebout.com\/es\/league-city-motorcycle-accident-lawyer\/\">Accidentes de motocicleta<\/a><\/li>\n<li id=\"menu-item-696\" class=\"menu-item menu-item-type-post_type menu-item-object-page menu-item-696\"><a href=\"https:\/\/burwellnebout.com\/es\/league-city-non-subscriber-workplace-injury-lawyers\/\">Lesiones laborales de no suscriptores<\/a><\/li>\n<li id=\"menu-item-962\" class=\"menu-item menu-item-type-post_type menu-item-object-page menu-item-962\"><a href=\"https:\/\/burwellnebout.com\/es\/league-city-premises-liability-lawyers\/\">Responsabilidad de las instalaciones<\/a><\/li>\n<li id=\"menu-item-1050\" class=\"menu-item menu-item-type-post_type menu-item-object-page menu-item-1050\"><a href=\"https:\/\/burwellnebout.com\/es\/league-city-refinery-plant-explosion-lawyers\/\">Explosiones de refiner\u00edas y plantas<\/a><\/li>\n<li id=\"menu-item-1221\" class=\"menu-item menu-item-type-post_type menu-item-object-page menu-item-1221\"><a href=\"https:\/\/burwellnebout.com\/es\/league-city-truck-accident-lawyers\/\">Accidente de cami\u00f3n<\/a><\/li>\n<li id=\"menu-item-1579\" class=\"menu-item menu-item-type-post_type menu-item-object-page menu-item-1579\"><a href=\"https:\/\/burwellnebout.com\/es\/league-city-fela-railroad-accident-attorneys\/\">Accidentes ferroviarios de Fela<\/a><\/li>\n<\/ul><\/nav>                        <\/ul>\n                        <a href=\"\/es\/practice-areas\/\" class=\"link\">Ver todas las \u00e1reas de pr\u00e1ctica <i class=\"fa-solid fa-right-long\"><\/i><\/a>\n                    <\/div>\n                <\/div>\n            <\/div>\n        <\/div>\n    <\/div>\n    \n        \n            \n        <div class=\"container\">\n        <div class=\"contributes px-2\" style=\"background: #fff;\" data-aos=\"fade-up\" data-aos-offset=\"300\" data-aos-easing=\"ease-in-sine\">\n            <div class=\"white-bg\">\n                <img decoding=\"async\" src=\"https:\/\/burwellnebout.com\/wp-content\/themes\/skelatan\/images\/svg\/contribute.png\" alt=\"\">\n                <\/div>\n            <div class=\"row\">\n                <div class=\"col-md-9 mx-auto text-center\">\n                    <h3>\u00bfSe puede demandar por una mordedura de perro en Texas?<\/h3>\n<p>S\u00ed, los due\u00f1os de perros pueden ser demandados por mordeduras de perro seg\u00fan la Ley de Perros Peligrosos de Texas. Si ha sido mordido por un perro, es importante documentar el incidente y comunicarse con un <a href=\"https:\/\/burwellnebout.com\/es\/houston-personal-injury-attorneys\/\">Abogado de lesiones personales de Houston<\/a>. Es posible que pueda recuperar da\u00f1os y perjuicios por gastos m\u00e9dicos, dolor y sufrimiento y angustia emocional.\u00a0 La Ley de Perros Peligrosos de Texas es un estatuto de negligencia que se aplica a las mordeduras de perros. Para ganar un caso bajo esta ley, debe demostrar que el due\u00f1o del perro fue negligente al manipularlo o sujetarlo. Esto se puede hacer demostrando que el due\u00f1o sab\u00eda o deber\u00eda haber sabido que el perro era peligroso y probablemente morder\u00eda a alguien.<\/p>\n                <\/div>\n            <\/div>\n        <\/div>\n    <\/div>\n    \n     \n<\/div>\n\n\n\n\n\t\t\t<\/div>\n\t\t\t\n\n\t\t\t<div id=\"\"\n\t\t\t\t class=\"bc-block\">\n\t\t\t\t\n\n  \n  \n     \n     \n    \n<style>\n  .brow.g-52, .brow.g-53, .brow.g-54{\n    margin-top: 40px !important;\n}\n  \n<\/style>\n\n<section class=\"column2 wrongful-death\">\n     <div class=\"blue-bg\">\n      <img decoding=\"async\" src=\"https:\/\/burwellnebout.com\/wp-content\/themes\/skelatan\/images\/svg\/inner-bg.webp\" alt=\"\">\n   <\/div>\n       <div class=\"container\">\n\t\t\t\t\t\t\t<div class=\"brow g-51\"  style=\"background-color: \">\n\t\t\t\t\t\t<div class=\"row justify-content-center two-column-box\">\n\t\t\t\t\t\t\t\n\t\t\t\t\t\t\t \t\n\t\t\t\t\t\t\t\t<div class=\"col-lg-5\" data-aos=\"fade-left\" data-aos-offset=\"300\" data-aos-easing=\"ease-in-sine\">\n\t\t\t\t\t\t\t\t\t<img decoding=\"async\" src=\"https:\/\/burwellnebout.com\/wp-content\/uploads\/2024\/04\/Screenshot-2024-04-02-065242.png\" alt=\"Qu\u00e9 debes hacer si te muerde un perro en Houston\" class=\"img\">\t\t\t\t\t\t\t\t<\/div>\n\t\t\t\t\t\t\t\t\t\t\t\t\t\t\n\t\t\t\t\t\t\t\n\t\t\t\t\t\t\n\t\t\t\t\t\t\t<div class=\"col-lg-7\" data-aos=\"fade-right\" data-aos-offset=\"300\" data-aos-easing=\"ease-in-sine\">\n\t\t\t\t\t\t\t    <div class=\"title\"><\/div>\n\t\t\t\t\t\t\t\t<h4 class=\"head\">Qu\u00e9 debes hacer si te muerde un perro en Houston<\/h3>\n\t\t\t\t\t\t\t\t<p>En caso de una mordedura de perro, es imperativo prestar atenci\u00f3n inmediata a la lesi\u00f3n para una curaci\u00f3n \u00f3ptima.\u00a0 Adem\u00e1s, para mitigar el riesgo de complicaciones. Las mordeduras de perro pueden provocar heridas punzantes, desgarros de piel y m\u00fasculos, fracturas de huesos y otras lesiones graves. La intervenci\u00f3n m\u00e9dica es necesaria para tratar estas heridas y reducir la probabilidad de infecci\u00f3n. Adem\u00e1s, es importante dejar que la herida sangre inicialmente.\u00a0 Esto ayuda a limpiarlo de g\u00e9rmenes, un mecanismo de defensa natural del cuerpo contra las infecciones. Sin embargo, se justifica la atenci\u00f3n m\u00e9dica inmediata en el departamento de emergencias si el sangrado persiste. Si no es necesaria atenci\u00f3n de emergencia inmediata, limpie la herida con agua y jab\u00f3n suave.<\/p>\n\t\t\t\t\t\t\t\t\t\t\t\t\t\t\t<\/div>\n\t\t\t\t\t\t\t\n\t\t\t\t\t\t\t\n\t\t\t\t\t     \t\t\t\t\t\t\t\t\n\t\t\t\t\t\t<div class=\"row\">\n                            <div class=\"col-12\">\n                              <p>&nbsp;<\/p>\n<p>Despu\u00e9s de atender adecuadamente la herida limpi\u00e1ndola y vend\u00e1ndola, el siguiente paso es concertar una evaluaci\u00f3n m\u00e9dica. Puede programar una cita con su m\u00e9dico de cabecera o visitar una cl\u00ednica de atenci\u00f3n de urgencia para recibir atenci\u00f3n inmediata. Si es necesaria la hospitalizaci\u00f3n, los profesionales m\u00e9dicos brindar\u00e1n orientaci\u00f3n sobre el curso de tratamiento adecuado.\u00a0 Por ejemplo, puntos de sutura o una vacuna contra la rabia si es necesario.<\/p>\n<p>Despu\u00e9s de la atenci\u00f3n m\u00e9dica, es fundamental ponerse en contacto con el control de animales para asegurarse de que el perro est\u00e9 en cuarentena. Una vez que se completen estos pasos iniciales, es recomendable buscar el asesoramiento de un abogado especializado en lesiones por mordeduras de perros en Houston. En los casos en que un perro cause lesiones, el due\u00f1o puede ser responsable.\u00a0 Por lo tanto, potencialmente le permitir\u00e1 solicitar una compensaci\u00f3n. Sin embargo, evaluar sus posibilidades de recibir una compensaci\u00f3n y el monto apropiado puede resultar un desaf\u00edo sin la experiencia de una representaci\u00f3n legal.<\/p>\n                            <\/div>\n                          <\/div>\n\t\t\t\t\t\n\t\t\t\t\t <\/div>\n\t\t\t\t\t<\/div>\n                \t<\/div>\n<\/section>\n\n\n\n\n\n\n\n\t\t\t<\/div>\n\t\t\t\n\n\t\t\t<div id=\"\"\n\t\t\t\t class=\"bc-block\">\n\t\t\t\t\n\n\n\n\n\n\n<section class=\"statue\">\n    <div class=\"container-fluid px-0\">\n        <div class=\"row g-0\">\n            <div class=\"col-lg-5\">\n                <img decoding=\"async\" src=\"https:\/\/burwellnebout.com\/wp-content\/uploads\/2024\/04\/Screenshot-2024-04-02-065420.png\" alt=\"image\">\n            <\/div>\n            <div class=\"col-lg-7 bg-blue\">\n                <div class=\"row\">\n                    <div class=\"col-lg-10\">\n                    <div class=\"title\"><\/div>\n                    \n                    <h3>Cosas que debe saber sobre la ley de perros peligrosos de Texas<\/h3>\n<p>La ley se aplica a todas las razas de perros, no s\u00f3lo a las razas \"peligrosas\". Esto significa que cualquier perro puede ser considerado peligroso seg\u00fan la ley y el due\u00f1o de la mascota es responsable de cualquier da\u00f1o que su animal cause.<\/p>\n<ul class=\"list\">\n<li>La ley permite a las personas que han sido mordidas por perros presentar una demanda para obtener una indemnizaci\u00f3n, incluidos los gastos m\u00e9dicos, la p\u00e9rdida de ingresos y el dolor y sufrimiento.<\/li>\n<li>Incluso si el perro nunca antes ha mostrado signos de agresividad, el due\u00f1o es responsable de las lesiones causadas por mordeduras si un perro ha mordido a alguien anteriormente.<\/li>\n<li>La ley tambi\u00e9n insta a los due\u00f1os de perros a tomar precauciones para garantizar que su mascota no da\u00f1e a otros.\u00a0 Por ejemplo, restringir o amordazar al animal.<\/li>\n<li>Un perro se considera peligroso si ha mordido o acosado a alguien sin motivo.\u00a0 Adem\u00e1s, si ha matado o herido gravemente a otro animal.<\/li>\n<li>Si es v\u00edctima de una mordedura de perro, es importante buscar ayuda legal para asegurarse de recibir la compensaci\u00f3n que se merece.<\/li>\n<\/ul>\n<p>&nbsp;<\/p>\n<p>Aseg\u00farese de familiarizarse con la Ley de perros peligrosos de Texas en caso de que alguna vez se vea involucrado en un incidente de mordedura de perro. Conocer sus derechos legales puede ayudarle a obtener la compensaci\u00f3n que merece. Si necesita ayuda legal, comun\u00edquese con un abogado especializado en mordeduras de perros en Houston.<\/p>\n                    \n                    <\/div>\n                <\/div>\n            <\/div>\n        <\/div>\n    <\/div>\n<\/section>\n\n\n\n\t\t\t<\/div>\n\t\t\t\n\n\t\t\t<div id=\"\"\n\t\t\t\t class=\"bc-block\">\n\t\t\t\t\n\n\n<div class=\"city\">\n    <div class=\"navy-bg\">\n      <img decoding=\"async\" src=\"https:\/\/burwellnebout.com\/wp-content\/uploads\/2024\/02\/testi-bg-scaled.webp\"srcset=\"https:\/\/burwellnebout.com\/wp-content\/uploads\/2024\/02\/testi-bg-scaled.webp 2560w, https:\/\/burwellnebout.com\/wp-content\/uploads\/2024\/02\/testi-bg-300x200.webp 300w, https:\/\/burwellnebout.com\/wp-content\/uploads\/2024\/02\/testi-bg-1024x683.webp 1024w, https:\/\/burwellnebout.com\/wp-content\/uploads\/2024\/02\/testi-bg-768x512.webp 768w, https:\/\/burwellnebout.com\/wp-content\/uploads\/2024\/02\/testi-bg-1536x1024.webp 1536w, https:\/\/burwellnebout.com\/wp-content\/uploads\/2024\/02\/testi-bg-2048x1365.webp 2048w\" sizes=\"(max-width: 2560px) 100vw, 2560px\" alt=\"\" class=\"\" \/>\t\n           \n    <\/div>\n    <div class=\"container-fluid\">\n        <div class=\"row g-5 align-items-center\">\n            <div class=\"col-lg-6\">\n                <div class=\"text-wrapper\">\n                    <h3>P\u00f3ngase en contacto con un abogado especializado en mordeduras de perro en Houston<\/h3>\n                    <img decoding=\"async\" src=\"https:\/\/burwellnebout.com\/wp-content\/uploads\/2024\/02\/Burwellnebout-1.png\"srcset=\"https:\/\/burwellnebout.com\/wp-content\/uploads\/2024\/02\/Burwellnebout-1.png 722w, https:\/\/burwellnebout.com\/wp-content\/uploads\/2024\/02\/Burwellnebout-1-300x64.png 300w\" sizes=\"(max-width: 722px) 100vw, 722px\" alt=\"\" class=\"img-fluid d-block ms-auto\" data-aos=\"fade-left\" data-aos-anchor=\"#example-anchor\" data-aos-offset=\"500\"  data-aos-duration=\"500\" \/>\t\n      \n                <\/div>\n            <\/div>\n            <div class=\"col-lg-6\">\n                <p>Si ha sufrido una mordedura de perro, es esencial buscar asistencia legal para obtener la compensaci\u00f3n que se le debe. Comun\u00edquese con un abogado especializado en mordeduras de perros en Houston para explorar sus v\u00edas legales. Es posible que tenga motivos para reclamar una indemnizaci\u00f3n al due\u00f1o del perro por las lesiones infligidas por su mascota.\u00a0 Por lo tanto, comprender sus derechos legales es fundamental en el camino hacia la recuperaci\u00f3n despu\u00e9s de un incidente de mordedura de perro.<\/p>\n<p>Nuestros abogados experimentados trabajar\u00e1n con las compa\u00f1\u00edas de seguros y brindar\u00e1n acceso a todo tipo de recursos.\u00a0 Adem\u00e1s, representar\u00e1n sus intereses ante los tribunales.\u00a0 Y ayudarle a obtener la compensaci\u00f3n completa disponible para usted. Contacto <a href=\"https:\/\/burwellnebout.com\/es\/contact-us\/\">Burwell Nebout Trial Lawyers<\/a> for a free and confidential consultation about your case.<\/p>\n            <\/div>\n        <\/div>\n    <\/div>\n<\/div>\n\n\n\t\t\t<\/div>\n\t\t\t\n\n\t\t\t<div id=\"\"\n\t\t\t\t class=\"bc-block\">\n\t\t\t\t<div class=\"logos\">\n    <div class=\"container\">\n        <div class=\"row\">\n            <div class=\"col-xl-11 mx-auto\">\n                <div class=\"wrapper d-flex align-items-center justify-content-center gap-5 flex-wrap\">\n\n                    <img decoding=\"async\" data-aos=\"fade-up\" data-aos-duration=\"1200\" src=\"https:\/\/burwellnebout.com\/wp-content\/uploads\/2024\/02\/usa.png\" alt=\"\" \/><img decoding=\"async\" data-aos=\"fade-up\" data-aos-duration=\"1200\" src=\"https:\/\/burwellnebout.com\/wp-content\/uploads\/2024\/02\/lawyers.png\" alt=\"\" \/><img decoding=\"async\" data-aos=\"fade-up\" data-aos-duration=\"1200\" src=\"https:\/\/burwellnebout.com\/wp-content\/uploads\/2024\/02\/board.png\" alt=\"\" \/><img decoding=\"async\" data-aos=\"fade-up\" data-aos-duration=\"1200\" src=\"https:\/\/burwellnebout.com\/wp-content\/uploads\/2024\/02\/multi-dollar.png\" alt=\"\" \/><img decoding=\"async\" data-aos=\"fade-up\" data-aos-duration=\"1200\" src=\"https:\/\/burwellnebout.com\/wp-content\/uploads\/2024\/02\/nba.png\" alt=\"\" \/>\n                \n                <\/div>\n            <\/div>\n        <\/div>\n    <\/div>\n<\/div>\n\t\t\t<\/div>","protected":false},"excerpt":{"rendered":"","protected":false},"author":3,"featured_media":0,"parent":0,"menu_order":0,"comment_status":"closed","ping_status":"closed","template":"Templates\/wrongful-death.php","meta":{"_acf_changed":false,"inline_featured_image":false,"footnotes":""},"class_list":["post-2429","page","type-page","status-publish","hentry"],"acf":[],"yoast_head":"<!-- This site is optimized with the Yoast SEO Premium plugin v27.1 (Yoast SEO v27.3) - https:\/\/yoast.com\/product\/yoast-seo-premium-wordpress\/ -->\n<title>Houston Dog Bite Lawyer - Burwell Nebout Trial Lawyers<\/title>\n<meta name=\"description\" content=\"If you&#039;ve been bitten by a dog, don&#039;t hesitate to seek legal aid to ensure fair compensation. Reach out to a Houston dog bite lawyer today.\" \/>\n<meta name=\"robots\" content=\"index, follow, max-snippet:-1, max-image-preview:large, max-video-preview:-1\" \/>\n<link rel=\"canonical\" href=\"https:\/\/burwellnebout.com\/es\/houston-dog-bite-lawyer\/\" \/>\n<meta property=\"og:locale\" content=\"es_MX\" \/>\n<meta property=\"og:type\" content=\"article\" \/>\n<meta property=\"og:title\" content=\"Houston Dog Bite Lawyer\" \/>\n<meta property=\"og:description\" content=\"If you&#039;ve been bitten by a dog, don&#039;t hesitate to seek legal aid to ensure fair compensation. Reach out to a Houston dog bite lawyer today.\" \/>\n<meta property=\"og:url\" content=\"https:\/\/burwellnebout.com\/es\/houston-dog-bite-lawyer\/\" \/>\n<meta property=\"og:site_name\" content=\"Burwell Nebout Trial Lawyers\" \/>\n<meta property=\"article:publisher\" content=\"https:\/\/www.facebook.com\/BurwellNebout\" \/>\n<meta name=\"twitter:card\" content=\"summary_large_image\" \/>\n<meta name=\"twitter:site\" content=\"@houstoncarwreck\" \/>\n<meta name=\"twitter:label1\" content=\"Tiempo de lectura\" \/>\n\t<meta name=\"twitter:data1\" content=\"7 minutos\" \/>\n<script type=\"application\/ld+json\" class=\"yoast-schema-graph\">{\"@context\":\"https:\\\/\\\/schema.org\",\"@graph\":[{\"@type\":\"WebPage\",\"@id\":\"https:\\\/\\\/burwellnebout.com\\\/houston-dog-bite-lawyer\\\/\",\"url\":\"https:\\\/\\\/burwellnebout.com\\\/houston-dog-bite-lawyer\\\/\",\"name\":\"Houston Dog Bite Lawyer - Burwell Nebout Trial Lawyers\",\"isPartOf\":{\"@id\":\"https:\\\/\\\/burwellnebout.com\\\/#website\"},\"datePublished\":\"2024-04-02T11:08:31+00:00\",\"description\":\"If you've been bitten by a dog, don't hesitate to seek legal aid to ensure fair compensation. Reach out to a Houston dog bite lawyer today.\",\"breadcrumb\":{\"@id\":\"https:\\\/\\\/burwellnebout.com\\\/houston-dog-bite-lawyer\\\/#breadcrumb\"},\"inLanguage\":\"es\",\"potentialAction\":[{\"@type\":\"ReadAction\",\"target\":[\"https:\\\/\\\/burwellnebout.com\\\/houston-dog-bite-lawyer\\\/\"]}]},{\"@type\":\"BreadcrumbList\",\"@id\":\"https:\\\/\\\/burwellnebout.com\\\/houston-dog-bite-lawyer\\\/#breadcrumb\",\"itemListElement\":[{\"@type\":\"ListItem\",\"position\":1,\"name\":\"Home\",\"item\":\"https:\\\/\\\/burwellnebout.com\\\/\"},{\"@type\":\"ListItem\",\"position\":2,\"name\":\"Houston Dog Bite Lawyer\"}]},{\"@type\":\"WebSite\",\"@id\":\"https:\\\/\\\/burwellnebout.com\\\/#website\",\"url\":\"https:\\\/\\\/burwellnebout.com\\\/\",\"name\":\"Burwellnebout\",\"description\":\"We&#039;re on your side\",\"publisher\":{\"@id\":\"https:\\\/\\\/burwellnebout.com\\\/#organization\"},\"potentialAction\":[{\"@type\":\"SearchAction\",\"target\":{\"@type\":\"EntryPoint\",\"urlTemplate\":\"https:\\\/\\\/burwellnebout.com\\\/?s={search_term_string}\"},\"query-input\":{\"@type\":\"PropertyValueSpecification\",\"valueRequired\":true,\"valueName\":\"search_term_string\"}}],\"inLanguage\":\"es\"},{\"@type\":\"Organization\",\"@id\":\"https:\\\/\\\/burwellnebout.com\\\/#organization\",\"name\":\"Burwell Nebout Trial Attorneys\",\"url\":\"https:\\\/\\\/burwellnebout.com\\\/\",\"logo\":{\"@type\":\"ImageObject\",\"inLanguage\":\"es\",\"@id\":\"https:\\\/\\\/burwellnebout.com\\\/#\\\/schema\\\/logo\\\/image\\\/\",\"url\":\"https:\\\/\\\/burwellnebout.com\\\/wp-content\\\/uploads\\\/2024\\\/03\\\/68984654_10157581575173966_2583944198919028736_n.jpg\",\"contentUrl\":\"https:\\\/\\\/burwellnebout.com\\\/wp-content\\\/uploads\\\/2024\\\/03\\\/68984654_10157581575173966_2583944198919028736_n.jpg\",\"width\":2048,\"height\":1365,\"caption\":\"Burwell Nebout Trial Attorneys\"},\"image\":{\"@id\":\"https:\\\/\\\/burwellnebout.com\\\/#\\\/schema\\\/logo\\\/image\\\/\"},\"sameAs\":[\"https:\\\/\\\/www.facebook.com\\\/BurwellNebout\",\"https:\\\/\\\/x.com\\\/houstoncarwreck\",\"https:\\\/\\\/www.instagram.com\\\/burwellnebout\\\/\",\"https:\\\/\\\/www.linkedin.com\\\/company\\\/burwell-nebout-trial-lawyers\",\"https:\\\/\\\/www.youtube.com\\\/channel\\\/UCMfAnULApkBRSxcdQvfpPgw\",\"https:\\\/\\\/www.tiktok.com\\\/@burwellnebout\"]}]}<\/script>\n<!-- \/ Yoast SEO Premium plugin. -->","yoast_head_json":{"title":"Abogado de mordeduras de perro Houston - Burwell Nebout","description":"Comun\u00edquese hoy con un abogado especializado en mordeduras de perros en Houston para garantizar una compensaci\u00f3n justa.","robots":{"index":"index","follow":"follow","max-snippet":"max-snippet:-1","max-image-preview":"max-image-preview:large","max-video-preview":"max-video-preview:-1"},"canonical":"https:\/\/burwellnebout.com\/es\/houston-dog-bite-lawyer\/","og_locale":"es_MX","og_type":"article","og_title":"Houston Dog Bite Lawyer","og_description":"If you've been bitten by a dog, don't hesitate to seek legal aid to ensure fair compensation. Reach out to a Houston dog bite lawyer today.","og_url":"https:\/\/burwellnebout.com\/es\/houston-dog-bite-lawyer\/","og_site_name":"Burwell Nebout Trial Lawyers","article_publisher":"https:\/\/www.facebook.com\/BurwellNebout","twitter_card":"summary_large_image","twitter_site":"@houstoncarwreck","twitter_misc":{"Tiempo de lectura":"7 minutos"},"schema":{"@context":"https:\/\/schema.org","@graph":[{"@type":"WebPage","@id":"https:\/\/burwellnebout.com\/houston-dog-bite-lawyer\/","url":"https:\/\/burwellnebout.com\/houston-dog-bite-lawyer\/","name":"Abogado de mordeduras de perro Houston - Burwell Nebout","isPartOf":{"@id":"https:\/\/burwellnebout.com\/#website"},"datePublished":"2024-04-02T11:08:31+00:00","description":"Comun\u00edquese hoy con un abogado especializado en mordeduras de perros en Houston para garantizar una compensaci\u00f3n justa.","breadcrumb":{"@id":"https:\/\/burwellnebout.com\/houston-dog-bite-lawyer\/#breadcrumb"},"inLanguage":"es","potentialAction":[{"@type":"ReadAction","target":["https:\/\/burwellnebout.com\/houston-dog-bite-lawyer\/"]}]},{"@type":"BreadcrumbList","@id":"https:\/\/burwellnebout.com\/houston-dog-bite-lawyer\/#breadcrumb","itemListElement":[{"@type":"ListItem","position":1,"name":"Home","item":"https:\/\/burwellnebout.com\/"},{"@type":"ListItem","position":2,"name":"Houston Dog Bite Lawyer"}]},{"@type":"WebSite","@id":"https:\/\/burwellnebout.com\/#website","url":"https:\/\/burwellnebout.com\/","name":"Burwellnebout","description":"We&#039;re on your side","publisher":{"@id":"https:\/\/burwellnebout.com\/#organization"},"potentialAction":[{"@type":"SearchAction","target":{"@type":"EntryPoint","urlTemplate":"https:\/\/burwellnebout.com\/?s={search_term_string}"},"query-input":{"@type":"PropertyValueSpecification","valueRequired":true,"valueName":"search_term_string"}}],"inLanguage":"es"},{"@type":"Organization","@id":"https:\/\/burwellnebout.com\/#organization","name":"Burwell Nebout Trial Attorneys","url":"https:\/\/burwellnebout.com\/","logo":{"@type":"ImageObject","inLanguage":"es","@id":"https:\/\/burwellnebout.com\/#\/schema\/logo\/image\/","url":"https:\/\/burwellnebout.com\/wp-content\/uploads\/2024\/03\/68984654_10157581575173966_2583944198919028736_n.jpg","contentUrl":"https:\/\/burwellnebout.com\/wp-content\/uploads\/2024\/03\/68984654_10157581575173966_2583944198919028736_n.jpg","width":2048,"height":1365,"caption":"Burwell Nebout Trial Attorneys"},"image":{"@id":"https:\/\/burwellnebout.com\/#\/schema\/logo\/image\/"},"sameAs":["https:\/\/www.facebook.com\/BurwellNebout","https:\/\/x.com\/houstoncarwreck","https:\/\/www.instagram.com\/burwellnebout\/","https:\/\/www.linkedin.com\/company\/burwell-nebout-trial-lawyers","https:\/\/www.youtube.com\/channel\/UCMfAnULApkBRSxcdQvfpPgw","https:\/\/www.tiktok.com\/@burwellnebout"]}]}},"_links":{"self":[{"href":"https:\/\/burwellnebout.com\/es\/wp-json\/wp\/v2\/pages\/2429","targetHints":{"allow":["GET"]}}],"collection":[{"href":"https:\/\/burwellnebout.com\/es\/wp-json\/wp\/v2\/pages"}],"about":[{"href":"https:\/\/burwellnebout.com\/es\/wp-json\/wp\/v2\/types\/page"}],"author":[{"embeddable":true,"href":"https:\/\/burwellnebout.com\/es\/wp-json\/wp\/v2\/users\/3"}],"replies":[{"embeddable":true,"href":"https:\/\/burwellnebout.com\/es\/wp-json\/wp\/v2\/comments?post=2429"}],"version-history":[{"count":0,"href":"https:\/\/burwellnebout.com\/es\/wp-json\/wp\/v2\/pages\/2429\/revisions"}],"wp:attachment":[{"href":"https:\/\/burwellnebout.com\/es\/wp-json\/wp\/v2\/media?parent=2429"}],"curies":[{"name":"wp","href":"https:\/\/api.w.org\/{rel}","templated":true}]}}