{"id":1034,"date":"2024-02-27T10:27:14","date_gmt":"2024-02-27T10:27:14","guid":{"rendered":"https:\/\/charming-narrative.mysites.io\/?page_id=1034"},"modified":"2024-04-25T21:55:14","modified_gmt":"2024-04-25T21:55:14","slug":"faqs","status":"publish","type":"page","link":"https:\/\/burwellnebout.com\/es\/faqs\/","title":{"rendered":"Preguntas frecuentes"},"content":{"rendered":"<div id=\"\"\n\t\t\t\t class=\"bc-block\">\n\t\t\t\t\n\n\n\n\n        \n\n<div class=\"bg inner-page\" style=\"background: url(https:\/\/burwellnebout.com\/wp-content\/themes\/skelatan\/images\/svg\/bg-gradient.png);\">\n   \n      \n    <div class=\"container\">\n        \n        <style>\n            .inner-page .page-title:before{\n                content: \"FAQs\" !important;\n                font-size: 170px;\n            }\n        <\/style>\n        \n        <div class=\"page-title text-center padding-top\">\n            <div class=\"row\">\n                <div class=\"col-md-10 px-lg-0 mx-auto\" data-aos=\"fade-up\" data-aos-offset=\"300\" data-aos-easing=\"ease-in-sine\">\n                    <h4>M\u00e1s de 93 a\u00f1os de experiencia jur\u00eddica combinada<\/h4>\n                <\/div>\n            <\/div>\n        <\/div>\n\n        <div class=\"padding2Top\">\n            <div class=\"row g-5\">\n                <div class=\"col-lg-7\" data-aos=\"fade-right\" data-aos-offset=\"300\" data-aos-easing=\"ease-in-sine\">\n                    <div class=\"title\"><\/div>\n                  <h4>\u00bfQu\u00e9 debo hacer si estoy en un accidente automovil\u00edstico?<\/h4>\n<p>Documente tanto como sea posible en el lugar del accidente. Cuando la compa\u00f1\u00eda de seguros del otro conductor le pide una declaraci\u00f3n, no le conviene hablar con ellos. En su lugar, p\u00eddales que hablen con su abogado de lesiones personales. Nuestro trabajo durante m\u00e1s de 50 a\u00f1os ha sido ayudar a los clientes lesionados a recuperar lo m\u00e1s posible de las compa\u00f1\u00edas de seguros.<\/p>\n                  \n                                      \n                   \n                <\/div>\n                <div class=\"col-lg-5\">\n                    <div class=\"practice-area-list\" data-aos=\"fade-left\" data-aos-offset=\"300\" data-aos-easing=\"ease-in-sine\">\n                        <h2>\u00c1reas de pr\u00e1ctica<\/h2>\n                        <ul>\n                            <nav class=\"second-footer-menu-container\"><ul id=\"menu-practice-areas-single-page\" class=\"second-footer-menu\"><li id=\"menu-item-1442\" class=\"menu-item menu-item-type-post_type menu-item-object-page menu-item-1442\"><a href=\"https:\/\/burwellnebout.com\/es\/league-city-wrongful-death-lawyers\/\">Muerte por negligencia<\/a><\/li>\n<li id=\"menu-item-2309\" class=\"menu-item menu-item-type-post_type menu-item-object-page menu-item-2309\"><a href=\"https:\/\/burwellnebout.com\/es\/houston-car-accident-lawyer\/\">Accidente automovilistico<\/a><\/li>\n<li id=\"menu-item-695\" class=\"menu-item menu-item-type-post_type menu-item-object-page menu-item-695\"><a href=\"https:\/\/burwellnebout.com\/es\/league-city-dog-bite-lawyer\/\">Mordedura de perro o ataque de animal<\/a><\/li>\n<li id=\"menu-item-875\" class=\"menu-item menu-item-type-post_type menu-item-object-page menu-item-875\"><a href=\"https:\/\/burwellnebout.com\/es\/league-city-product-liability-lawyers\/\">Productos defectuosos<\/a><\/li>\n<li id=\"menu-item-697\" class=\"menu-item menu-item-type-post_type menu-item-object-page menu-item-697\"><a href=\"https:\/\/burwellnebout.com\/es\/league-city-motorcycle-accident-lawyer\/\">Accidentes de motocicleta<\/a><\/li>\n<li id=\"menu-item-696\" class=\"menu-item menu-item-type-post_type menu-item-object-page menu-item-696\"><a href=\"https:\/\/burwellnebout.com\/es\/league-city-non-subscriber-workplace-injury-lawyers\/\">Lesiones laborales de no suscriptores<\/a><\/li>\n<li id=\"menu-item-962\" class=\"menu-item menu-item-type-post_type menu-item-object-page menu-item-962\"><a href=\"https:\/\/burwellnebout.com\/es\/league-city-premises-liability-lawyers\/\">Responsabilidad de las instalaciones<\/a><\/li>\n<li id=\"menu-item-1050\" class=\"menu-item menu-item-type-post_type menu-item-object-page menu-item-1050\"><a href=\"https:\/\/burwellnebout.com\/es\/league-city-refinery-plant-explosion-lawyers\/\">Explosiones de refiner\u00edas y plantas<\/a><\/li>\n<li id=\"menu-item-1221\" class=\"menu-item menu-item-type-post_type menu-item-object-page menu-item-1221\"><a href=\"https:\/\/burwellnebout.com\/es\/league-city-truck-accident-lawyers\/\">Accidente de cami\u00f3n<\/a><\/li>\n<li id=\"menu-item-1579\" class=\"menu-item menu-item-type-post_type menu-item-object-page menu-item-1579\"><a href=\"https:\/\/burwellnebout.com\/es\/league-city-fela-railroad-accident-attorneys\/\">Accidentes ferroviarios de Fela<\/a><\/li>\n<\/ul><\/nav>                        <\/ul>\n                        <a href=\"\/es\/practice-areas\/\" class=\"link\">Ver todas las \u00e1reas de pr\u00e1ctica <i class=\"fa-solid fa-right-long\"><\/i><\/a>\n                    <\/div>\n                <\/div>\n            <\/div>\n        <\/div>\n    <\/div>\n    \n        \n            \n        <div class=\"container\">\n        <div class=\"contributes px-2\" style=\"background: #fff;\" data-aos=\"fade-up\" data-aos-offset=\"300\" data-aos-easing=\"ease-in-sine\">\n            <div class=\"white-bg\">\n                <img decoding=\"async\" src=\"https:\/\/burwellnebout.com\/wp-content\/themes\/skelatan\/images\/svg\/contribute.png\" alt=\"\">\n                <\/div>\n            <div class=\"row\">\n                <div class=\"col-md-9 mx-auto text-center\">\n                    <h4>\u00bfQu\u00e9 debo hacer si me lastimo en el trabajo?<\/h4>\n<p>Cuando se lesiona en el trabajo, hay varios pasos que se deben completar de inmediato adem\u00e1s de recibir el tratamiento m\u00e9dico necesario. Informe su lesi\u00f3n a su supervisor. Confirme que su supervisor presente formalmente su reclamo de compensaci\u00f3n laboral ante el Departamento de Seguros de Texas. Su tratamiento m\u00e9dico, recetas y salarios perdidos se regir\u00e1n por la compensaci\u00f3n laboral. Si su empleador no tiene un seguro de compensaci\u00f3n para trabajadores, usted puede ser elegible para demandar directamente a su empleador por no estar suscrito. El reclamo del no suscriptor puede tener plazos espec\u00edficos y una disposici\u00f3n de arbitraje. Es importante comunicarse de inmediato con un abogado con experiencia en el manejo de reclamos de no suscriptores.<\/p>\n                <\/div>\n            <\/div>\n        <\/div>\n    <\/div>\n    \n     \n<\/div>\n\n\n\n\n\t\t\t<\/div>\n\t\t\t\n\n\t\t\t<div id=\"\"\n\t\t\t\t class=\"bc-block\">\n\t\t\t\t\n\n  \n  \n     \n     \n    \n<style>\n  .brow.g-52, .brow.g-53, .brow.g-54{\n    margin-top: 40px !important;\n}\n  \n<\/style>\n\n<section class=\"column2 wrongful-death\">\n     <div class=\"blue-bg\">\n      <img decoding=\"async\" src=\"https:\/\/burwellnebout.com\/wp-content\/themes\/skelatan\/images\/svg\/inner-bg.webp\" alt=\"\">\n   <\/div>\n       <div class=\"container\">\n\t\t\t\t\t\t\t<div class=\"brow g-51\"  style=\"background-color: \">\n\t\t\t\t\t\t<div class=\"row justify-content-center two-column-box\">\n\t\t\t\t\t\t\t\n\t\t\t\t\t\t\t \t\n\t\t\t\t\t\t\t\t<div class=\"col-lg-5\" data-aos=\"fade-left\" data-aos-offset=\"300\" data-aos-easing=\"ease-in-sine\">\n\t\t\t\t\t\t\t\t\t<img decoding=\"async\" src=\"https:\/\/burwellnebout.com\/wp-content\/uploads\/2024\/02\/11851.jpg\" alt=\"\u00bfQu\u00e9 debo hacer si no puedo pagar un m\u00e9dico para tratar mis lesiones?\" class=\"img\">\t\t\t\t\t\t\t\t<\/div>\n\t\t\t\t\t\t\t\t\t\t\t\t\t\t\n\t\t\t\t\t\t\t\n\t\t\t\t\t\t\n\t\t\t\t\t\t\t<div class=\"col-lg-7\" data-aos=\"fade-right\" data-aos-offset=\"300\" data-aos-easing=\"ease-in-sine\">\n\t\t\t\t\t\t\t    <div class=\"title\"><\/div>\n\t\t\t\t\t\t\t\t<h4 class=\"head\">\u00bfQu\u00e9 debo hacer si no puedo pagar un m\u00e9dico para tratar mis lesiones?<\/h3>\n\t\t\t\t\t\t\t\t<p>Burwell Nebout puede ayudarle a obtener el tratamiento m\u00e9dico necesario incluso si no tiene seguro m\u00e9dico.<\/p>\n\t\t\t\t\t\t\t\t\t\t\t\t\t\t\t<\/div>\n\t\t\t\t\t\t\t\n\t\t\t\t\t\t\t\n\t\t\t\t\t     \t\t\t\t\t\t\t\t\n\t\t\t\t\t\t<div class=\"row\">\n                            <div class=\"col-12\">\n                                                          <\/div>\n                          <\/div>\n\t\t\t\t\t\n\t\t\t\t\t <\/div>\n\t\t\t\t\t<\/div>\n                \t\t\t\t\t<div class=\"brow g-52\"  style=\"background-color: \">\n\t\t\t\t\t\t<div class=\"row justify-content-center two-column-box\">\n\t\t\t\t\t\t\t\n\t\t\t\t\t\t\t\t\t\t\t\t\t\t\n\t\t\t\t\t\t\t\n\t\t\t\t\t\t\n\t\t\t\t\t\t\t<div class=\"col-lg-7\" data-aos=\"fade-right\" data-aos-offset=\"300\" data-aos-easing=\"ease-in-sine\">\n\t\t\t\t\t\t\t    <div class=\"title\"><\/div>\n\t\t\t\t\t\t\t\t<h4 class=\"head\">\u00bfBurwell Nebout Trial Lawyers lleva los casos a juicio?<\/h3>\n\t\t\t\t\t\t\t\t<p>Hemos representado a clientes en los tribunales de Texas durante 53 a\u00f1os. Si bien la mayor\u00eda de los casos se resuelven fuera de los tribunales, los abogados litigantes de Burwell Nebout procesan casos cuando las compa\u00f1\u00edas de seguros y las corporaciones se niegan a llegar a un acuerdo razonable. Todos los socios son miembros de la Junta Estadounidense de Abogados Litigantes, que requiere que sus miembros del jurado hayan juzgado al menos 30 juicios con jurado para emitir un veredicto. Al contratar a un abogado de lesiones personales, es importante comprender que ha contratado a un verdadero abogado litigante.<\/p>\n\t\t\t\t\t\t\t\t\t\t\t\t\t\t\t<\/div>\n\t\t\t\t\t\t\t\n\t\t\t\t\t\t\t\n\t\t\t\t\t     \t\t\t\t\t\t\t\t\t<div class=\"col-lg-5\" data-aos=\"fade-left\" data-aos-offset=\"300\" data-aos-easing=\"ease-in-sine\">\n\t\t\t\t\t\t\t\t\t<img decoding=\"async\" src=\"https:\/\/burwellnebout.com\/wp-content\/uploads\/2024\/02\/5766.jpg\" alt=\"\u00bfBurwell Nebout Trial Lawyers lleva los casos a juicio?\" class=\"img\">\t\t\t\t\t\t\t\t<\/div>\n\t\t\t\t\t\t\t\t\t\t\t\t\t\t\n\t\t\t\t\t\t<div class=\"row\">\n                            <div class=\"col-12\">\n                                                          <\/div>\n                          <\/div>\n\t\t\t\t\t\n\t\t\t\t\t <\/div>\n\t\t\t\t\t<\/div>\n                \t<\/div>\n<\/section>\n\n\n\n\n\n\n\n\t\t\t<\/div>\n\t\t\t\n\n\t\t\t<div id=\"\"\n\t\t\t\t class=\"bc-block\">\n\t\t\t\t\n\n\n\n\n\n\n<section class=\"statue\">\n    <div class=\"container-fluid px-0\">\n        <div class=\"row g-0\">\n            <div class=\"col-lg-5\">\n                <img decoding=\"async\" src=\"https:\/\/burwellnebout.com\/wp-content\/uploads\/2024\/02\/122617.jpg\" alt=\"image\">\n            <\/div>\n            <div class=\"col-lg-7 bg-blue\">\n                <div class=\"row\">\n                    <div class=\"col-lg-10\">\n                    <div class=\"title\"><\/div>\n                    \n                    <h4>\u00bfCu\u00e1nto vale mi caso?<\/h4>\n<p>Cada caso se eval\u00faa de forma individual. Tenemos experiencia en la evaluaci\u00f3n de casos y daremos nuestra opini\u00f3n despu\u00e9s de que se haya completado una investigaci\u00f3n completa. Sin embargo, nunca se puede dar una cantidad exacta en d\u00f3lares o una garant\u00eda.<\/p>\n                    \n                    <\/div>\n                <\/div>\n            <\/div>\n        <\/div>\n    <\/div>\n<\/section>\n\n\n\n\t\t\t<\/div>\n\t\t\t\n\n\t\t\t<div id=\"\"\n\t\t\t\t class=\"bc-block\">\n\t\t\t\t\n\n  \n  \n     \n     \n    \n<style>\n  .brow.g-52, .brow.g-53, .brow.g-54{\n    margin-top: 40px !important;\n}\n  \n<\/style>\n\n<section class=\"column2 wrongful-death\">\n     <div class=\"blue-bg\">\n      <img decoding=\"async\" src=\"https:\/\/burwellnebout.com\/wp-content\/themes\/skelatan\/images\/svg\/inner-bg.webp\" alt=\"\">\n   <\/div>\n       <div class=\"container\">\n\t\t\t\t\t\t\t<div class=\"brow g-51\"  style=\"background-color: \">\n\t\t\t\t\t\t<div class=\"row justify-content-center two-column-box\">\n\t\t\t\t\t\t\t\n\t\t\t\t\t\t\t \t\n\t\t\t\t\t\t\t\t<div class=\"col-lg-5\" data-aos=\"fade-left\" data-aos-offset=\"300\" data-aos-easing=\"ease-in-sine\">\n\t\t\t\t\t\t\t\t\t<img decoding=\"async\" src=\"https:\/\/burwellnebout.com\/wp-content\/uploads\/2024\/02\/11851.jpg\" alt=\"\u00bfCu\u00e1nto me va a costar mi caso de mi bolsillo?\" class=\"img\">\t\t\t\t\t\t\t\t<\/div>\n\t\t\t\t\t\t\t\t\t\t\t\t\t\t\n\t\t\t\t\t\t\t\n\t\t\t\t\t\t\n\t\t\t\t\t\t\t<div class=\"col-lg-7\" data-aos=\"fade-right\" data-aos-offset=\"300\" data-aos-easing=\"ease-in-sine\">\n\t\t\t\t\t\t\t    <div class=\"title\"><\/div>\n\t\t\t\t\t\t\t\t<h4 class=\"head\">\u00bfCu\u00e1nto me va a costar mi caso de mi bolsillo?<\/h3>\n\t\t\t\t\t\t\t\t<p>Trabajamos sobre la base de honorarios de contingencia. Nos pagan los honorarios del abogado y el reembolso de los gastos s\u00f3lo cuando se logra una recuperaci\u00f3n en su caso. Si no se realiza ninguna recuperaci\u00f3n, no se pagan honorarios ni gastos.<\/p>\n\t\t\t\t\t\t\t\t\t\t\t\t\t\t\t<\/div>\n\t\t\t\t\t\t\t\n\t\t\t\t\t\t\t\n\t\t\t\t\t     \t\t\t\t\t\t\t\t\n\t\t\t\t\t\t<div class=\"row\">\n                            <div class=\"col-12\">\n                                                          <\/div>\n                          <\/div>\n\t\t\t\t\t\n\t\t\t\t\t <\/div>\n\t\t\t\t\t<\/div>\n                \t\t\t\t\t<div class=\"brow g-52\"  style=\"background-color: \">\n\t\t\t\t\t\t<div class=\"row justify-content-center two-column-box\">\n\t\t\t\t\t\t\t\n\t\t\t\t\t\t\t\t\t\t\t\t\t\t\n\t\t\t\t\t\t\t\n\t\t\t\t\t\t\n\t\t\t\t\t\t\t<div class=\"col-lg-7\" data-aos=\"fade-right\" data-aos-offset=\"300\" data-aos-easing=\"ease-in-sine\">\n\t\t\t\t\t\t\t    <div class=\"title\"><\/div>\n\t\t\t\t\t\t\t\t<h4 class=\"head\">\u00bfQu\u00e9 debo hacer si quiero cambiar de abogado y que me representen los abogados litigantes de Burwell Nebout?<\/h3>\n\t\t\t\t\t\t\t\t<p>No interferiremos con la relaci\u00f3n contractual abogado-cliente entre usted y su abogado actual. Solo podremos discutir \u00e9ticamente su caso una vez que notifique por escrito a su abogado actual que ya no desea que lo represente en su caso.<\/p>\n\t\t\t\t\t\t\t\t\t\t\t\t\t\t\t<\/div>\n\t\t\t\t\t\t\t\n\t\t\t\t\t\t\t\n\t\t\t\t\t     \t\t\t\t\t\t\t\t\t<div class=\"col-lg-5\" data-aos=\"fade-left\" data-aos-offset=\"300\" data-aos-easing=\"ease-in-sine\">\n\t\t\t\t\t\t\t\t\t<img decoding=\"async\" src=\"https:\/\/burwellnebout.com\/wp-content\/uploads\/2024\/02\/5766.jpg\" alt=\"\u00bfQu\u00e9 debo hacer si quiero cambiar de abogado y que me representen los abogados litigantes de Burwell Nebout?\" class=\"img\">\t\t\t\t\t\t\t\t<\/div>\n\t\t\t\t\t\t\t\t\t\t\t\t\t\t\n\t\t\t\t\t\t<div class=\"row\">\n                            <div class=\"col-12\">\n                                                          <\/div>\n                          <\/div>\n\t\t\t\t\t\n\t\t\t\t\t <\/div>\n\t\t\t\t\t<\/div>\n                \t<\/div>\n<\/section>\n\n\n\n\n\n\n\n\t\t\t<\/div>\n\t\t\t\n\n\t\t\t<div id=\"\"\n\t\t\t\t class=\"bc-block\">\n\t\t\t\t<div class=\"logos\">\n    <div class=\"container\">\n        <div class=\"row\">\n            <div class=\"col-xl-11 mx-auto\">\n                <div class=\"wrapper d-flex align-items-center justify-content-center gap-5 flex-wrap\">\n\n                    <img decoding=\"async\" data-aos=\"fade-up\" data-aos-duration=\"1200\" src=\"https:\/\/burwellnebout.com\/wp-content\/uploads\/2024\/02\/usa.png\" alt=\"\" \/><img decoding=\"async\" data-aos=\"fade-up\" data-aos-duration=\"1200\" src=\"https:\/\/burwellnebout.com\/wp-content\/uploads\/2024\/02\/lawyers.png\" alt=\"\" \/><img decoding=\"async\" data-aos=\"fade-up\" data-aos-duration=\"1200\" src=\"https:\/\/burwellnebout.com\/wp-content\/uploads\/2024\/02\/board.png\" alt=\"\" \/><img decoding=\"async\" data-aos=\"fade-up\" data-aos-duration=\"1200\" src=\"https:\/\/burwellnebout.com\/wp-content\/uploads\/2024\/02\/multi-dollar.png\" alt=\"\" \/><img decoding=\"async\" data-aos=\"fade-up\" data-aos-duration=\"1200\" src=\"https:\/\/burwellnebout.com\/wp-content\/uploads\/2024\/02\/nba.png\" alt=\"\" \/>\n                \n                <\/div>\n            <\/div>\n        <\/div>\n    <\/div>\n<\/div>\n\t\t\t<\/div>","protected":false},"excerpt":{"rendered":"","protected":false},"author":1,"featured_media":0,"parent":0,"menu_order":0,"comment_status":"closed","ping_status":"closed","template":"Templates\/wrongful-death.php","meta":{"_acf_changed":false,"inline_featured_image":false,"footnotes":""},"class_list":["post-1034","page","type-page","status-publish","hentry"],"acf":[],"yoast_head":"<!-- This site is optimized with the Yoast SEO Premium plugin v27.1 (Yoast SEO v27.3) - https:\/\/yoast.com\/product\/yoast-seo-premium-wordpress\/ -->\n<title>FAQs - Burwell Nebout Trial Lawyers<\/title>\n<meta name=\"description\" content=\"Personal injury lawyer FAQs. Get the answers from the Texas Trial Lawyers of Burwell Nebout. We&#039;re on your side and always here to help.\" \/>\n<meta name=\"robots\" content=\"index, follow, max-snippet:-1, max-image-preview:large, max-video-preview:-1\" \/>\n<link rel=\"canonical\" href=\"https:\/\/burwellnebout.com\/es\/faqs\/\" \/>\n<meta property=\"og:locale\" content=\"es_MX\" \/>\n<meta property=\"og:type\" content=\"article\" \/>\n<meta property=\"og:title\" content=\"FAQs\" \/>\n<meta property=\"og:description\" content=\"Personal injury lawyer FAQs. Get the answers from the Texas Trial Lawyers of Burwell Nebout. We&#039;re on your side and always here to help.\" \/>\n<meta property=\"og:url\" content=\"https:\/\/burwellnebout.com\/es\/faqs\/\" \/>\n<meta property=\"og:site_name\" content=\"Burwell Nebout Trial Lawyers\" \/>\n<meta property=\"article:publisher\" content=\"https:\/\/www.facebook.com\/BurwellNebout\" \/>\n<meta property=\"article:modified_time\" content=\"2024-04-25T21:55:14+00:00\" \/>\n<meta name=\"twitter:card\" content=\"summary_large_image\" \/>\n<meta name=\"twitter:site\" content=\"@houstoncarwreck\" \/>\n<meta name=\"twitter:label1\" content=\"Tiempo de lectura\" \/>\n\t<meta name=\"twitter:data1\" content=\"6 minutos\" \/>\n<script type=\"application\/ld+json\" class=\"yoast-schema-graph\">{\"@context\":\"https:\\\/\\\/schema.org\",\"@graph\":[{\"@type\":\"WebPage\",\"@id\":\"https:\\\/\\\/burwellnebout.com\\\/faqs\\\/\",\"url\":\"https:\\\/\\\/burwellnebout.com\\\/faqs\\\/\",\"name\":\"FAQs - Burwell Nebout Trial Lawyers\",\"isPartOf\":{\"@id\":\"https:\\\/\\\/burwellnebout.com\\\/#website\"},\"datePublished\":\"2024-02-27T10:27:14+00:00\",\"dateModified\":\"2024-04-25T21:55:14+00:00\",\"description\":\"Personal injury lawyer FAQs. Get the answers from the Texas Trial Lawyers of Burwell Nebout. We're on your side and always here to help.\",\"breadcrumb\":{\"@id\":\"https:\\\/\\\/burwellnebout.com\\\/faqs\\\/#breadcrumb\"},\"inLanguage\":\"es\",\"potentialAction\":[{\"@type\":\"ReadAction\",\"target\":[\"https:\\\/\\\/burwellnebout.com\\\/faqs\\\/\"]}]},{\"@type\":\"BreadcrumbList\",\"@id\":\"https:\\\/\\\/burwellnebout.com\\\/faqs\\\/#breadcrumb\",\"itemListElement\":[{\"@type\":\"ListItem\",\"position\":1,\"name\":\"Home\",\"item\":\"https:\\\/\\\/burwellnebout.com\\\/\"},{\"@type\":\"ListItem\",\"position\":2,\"name\":\"FAQs\"}]},{\"@type\":\"WebSite\",\"@id\":\"https:\\\/\\\/burwellnebout.com\\\/#website\",\"url\":\"https:\\\/\\\/burwellnebout.com\\\/\",\"name\":\"Burwellnebout\",\"description\":\"We&#039;re on your side\",\"publisher\":{\"@id\":\"https:\\\/\\\/burwellnebout.com\\\/#organization\"},\"potentialAction\":[{\"@type\":\"SearchAction\",\"target\":{\"@type\":\"EntryPoint\",\"urlTemplate\":\"https:\\\/\\\/burwellnebout.com\\\/?s={search_term_string}\"},\"query-input\":{\"@type\":\"PropertyValueSpecification\",\"valueRequired\":true,\"valueName\":\"search_term_string\"}}],\"inLanguage\":\"es\"},{\"@type\":\"Organization\",\"@id\":\"https:\\\/\\\/burwellnebout.com\\\/#organization\",\"name\":\"Burwell Nebout Trial Attorneys\",\"url\":\"https:\\\/\\\/burwellnebout.com\\\/\",\"logo\":{\"@type\":\"ImageObject\",\"inLanguage\":\"es\",\"@id\":\"https:\\\/\\\/burwellnebout.com\\\/#\\\/schema\\\/logo\\\/image\\\/\",\"url\":\"https:\\\/\\\/burwellnebout.com\\\/wp-content\\\/uploads\\\/2024\\\/03\\\/68984654_10157581575173966_2583944198919028736_n.jpg\",\"contentUrl\":\"https:\\\/\\\/burwellnebout.com\\\/wp-content\\\/uploads\\\/2024\\\/03\\\/68984654_10157581575173966_2583944198919028736_n.jpg\",\"width\":2048,\"height\":1365,\"caption\":\"Burwell Nebout Trial Attorneys\"},\"image\":{\"@id\":\"https:\\\/\\\/burwellnebout.com\\\/#\\\/schema\\\/logo\\\/image\\\/\"},\"sameAs\":[\"https:\\\/\\\/www.facebook.com\\\/BurwellNebout\",\"https:\\\/\\\/x.com\\\/houstoncarwreck\",\"https:\\\/\\\/www.instagram.com\\\/burwellnebout\\\/\",\"https:\\\/\\\/www.linkedin.com\\\/company\\\/burwell-nebout-trial-lawyers\",\"https:\\\/\\\/www.youtube.com\\\/channel\\\/UCMfAnULApkBRSxcdQvfpPgw\",\"https:\\\/\\\/www.tiktok.com\\\/@burwellnebout\"]}]}<\/script>\n<!-- \/ Yoast SEO Premium plugin. -->","yoast_head_json":{"title":"Preguntas Frequentes - Burwell Nebout Abogados Litigantes","description":"Preguntas frecuentes sobre abogados de lesiones personales. Obtenga las respuestas de los abogados litigantes de Texas de Burwell Nebout.","robots":{"index":"index","follow":"follow","max-snippet":"max-snippet:-1","max-image-preview":"max-image-preview:large","max-video-preview":"max-video-preview:-1"},"canonical":"https:\/\/burwellnebout.com\/es\/faqs\/","og_locale":"es_MX","og_type":"article","og_title":"FAQs","og_description":"Personal injury lawyer FAQs. Get the answers from the Texas Trial Lawyers of Burwell Nebout. We're on your side and always here to help.","og_url":"https:\/\/burwellnebout.com\/es\/faqs\/","og_site_name":"Burwell Nebout Trial Lawyers","article_publisher":"https:\/\/www.facebook.com\/BurwellNebout","article_modified_time":"2024-04-25T21:55:14+00:00","twitter_card":"summary_large_image","twitter_site":"@houstoncarwreck","twitter_misc":{"Tiempo de lectura":"6 minutos"},"schema":{"@context":"https:\/\/schema.org","@graph":[{"@type":"WebPage","@id":"https:\/\/burwellnebout.com\/faqs\/","url":"https:\/\/burwellnebout.com\/faqs\/","name":"Preguntas Frequentes - Burwell Nebout Abogados Litigantes","isPartOf":{"@id":"https:\/\/burwellnebout.com\/#website"},"datePublished":"2024-02-27T10:27:14+00:00","dateModified":"2024-04-25T21:55:14+00:00","description":"Preguntas frecuentes sobre abogados de lesiones personales. Obtenga las respuestas de los abogados litigantes de Texas de Burwell Nebout.","breadcrumb":{"@id":"https:\/\/burwellnebout.com\/faqs\/#breadcrumb"},"inLanguage":"es","potentialAction":[{"@type":"ReadAction","target":["https:\/\/burwellnebout.com\/faqs\/"]}]},{"@type":"BreadcrumbList","@id":"https:\/\/burwellnebout.com\/faqs\/#breadcrumb","itemListElement":[{"@type":"ListItem","position":1,"name":"Home","item":"https:\/\/burwellnebout.com\/"},{"@type":"ListItem","position":2,"name":"FAQs"}]},{"@type":"WebSite","@id":"https:\/\/burwellnebout.com\/#website","url":"https:\/\/burwellnebout.com\/","name":"Burwellnebout","description":"We&#039;re on your side","publisher":{"@id":"https:\/\/burwellnebout.com\/#organization"},"potentialAction":[{"@type":"SearchAction","target":{"@type":"EntryPoint","urlTemplate":"https:\/\/burwellnebout.com\/?s={search_term_string}"},"query-input":{"@type":"PropertyValueSpecification","valueRequired":true,"valueName":"search_term_string"}}],"inLanguage":"es"},{"@type":"Organization","@id":"https:\/\/burwellnebout.com\/#organization","name":"Burwell Nebout Trial Attorneys","url":"https:\/\/burwellnebout.com\/","logo":{"@type":"ImageObject","inLanguage":"es","@id":"https:\/\/burwellnebout.com\/#\/schema\/logo\/image\/","url":"https:\/\/burwellnebout.com\/wp-content\/uploads\/2024\/03\/68984654_10157581575173966_2583944198919028736_n.jpg","contentUrl":"https:\/\/burwellnebout.com\/wp-content\/uploads\/2024\/03\/68984654_10157581575173966_2583944198919028736_n.jpg","width":2048,"height":1365,"caption":"Burwell Nebout Trial Attorneys"},"image":{"@id":"https:\/\/burwellnebout.com\/#\/schema\/logo\/image\/"},"sameAs":["https:\/\/www.facebook.com\/BurwellNebout","https:\/\/x.com\/houstoncarwreck","https:\/\/www.instagram.com\/burwellnebout\/","https:\/\/www.linkedin.com\/company\/burwell-nebout-trial-lawyers","https:\/\/www.youtube.com\/channel\/UCMfAnULApkBRSxcdQvfpPgw","https:\/\/www.tiktok.com\/@burwellnebout"]}]}},"_links":{"self":[{"href":"https:\/\/burwellnebout.com\/es\/wp-json\/wp\/v2\/pages\/1034","targetHints":{"allow":["GET"]}}],"collection":[{"href":"https:\/\/burwellnebout.com\/es\/wp-json\/wp\/v2\/pages"}],"about":[{"href":"https:\/\/burwellnebout.com\/es\/wp-json\/wp\/v2\/types\/page"}],"author":[{"embeddable":true,"href":"https:\/\/burwellnebout.com\/es\/wp-json\/wp\/v2\/users\/1"}],"replies":[{"embeddable":true,"href":"https:\/\/burwellnebout.com\/es\/wp-json\/wp\/v2\/comments?post=1034"}],"version-history":[{"count":0,"href":"https:\/\/burwellnebout.com\/es\/wp-json\/wp\/v2\/pages\/1034\/revisions"}],"wp:attachment":[{"href":"https:\/\/burwellnebout.com\/es\/wp-json\/wp\/v2\/media?parent=1034"}],"curies":[{"name":"wp","href":"https:\/\/api.w.org\/{rel}","templated":true}]}}